{"id":627,"date":"2021-11-09T03:49:53","date_gmt":"2021-11-09T03:49:53","guid":{"rendered":"https:\/\/www.alter-anniviers.com\/about-alter\/"},"modified":"2024-03-04T15:52:52","modified_gmt":"2024-03-04T15:52:52","slug":"a-propos","status":"publish","type":"page","link":"https:\/\/www.alter-anniviers.com\/fr\/a-propos\/","title":{"rendered":"\u00c0 PROPOS"},"content":{"rendered":"<p><span class=\"page-big-title\">ALTER-<\/span><br \/>\n<span class=\"page-small-title\">Altitude Laboratory<br \/>\nTransition Experiments<br \/>\nResearch<\/span><\/p>\n<p>&nbsp;<\/p>\n<p class=\"p1\">ALTER-, une collaboration entre artistes, chercheur\u00b7euse\u00b7s et habitant\u00b7e\u00b7s locaux\u00b7les pour r\u00e9pondre aux crises environnementales dans les communaut\u00e9s de haute montagne, est un programme annuel qui a lieu durant l\u2019\u00e9t\u00e9 dans le Val d\u2019Anniviers en Valais, Suisse.<\/p>\n<p>ALTER- invite un groupe d\u2019artistes et chercheur\u00b7euse\u00b7s (un groupe de 3 \u00e0 5 personnes d\u00e9j\u00e0 constitu\u00e9) d\u2019une autre r\u00e9gion de montagne du monde \u00e0 poser ses valises pour trois mois \u00e0 Chandolin (2000m. d\u2019altitude) et \u00e0 se mettre \u00e0 l\u2019\u00e9coute et entrer en dialogue avec le Val d\u2019Anniviers et ses habitant\u00b7e\u00b7s. L\u2019objectif est le partage actif de d\u00e9fis, de connaissances, de savoirs et solutions possibles pour la p\u00e9riode de transitions \u2013 culturelles, climatiques, \u00e9nerg\u00e9tiques, \u00e9conomiques, sociales \u2013 que toutes les r\u00e9gions de haute montagne traversent simultan\u00e9ment.<\/p>\n<p class=\"p1\">ALTER- encourage cette coop\u00e9ration en accompagnant trois types d\u2019activit\u00e9s d\u00e9velopp\u00e9es en parall\u00e8le durant l\u2019\u00e9t\u00e9:<span class=\"Apple-converted-space\">\u00a0<\/span><\/p>\n<ul class=\"ul1\">\n<li class=\"li1\"><b> Le Lab<\/b>: observations et recherches sur le terrain par les artistes et chercheur\u00b7euse\u00b7s<span class=\"Apple-converted-space\">\u00a0<\/span><\/li>\n<li class=\"li1\"><b> Les Transmissions<\/b>: activit\u00e9s communes entre les artistes en r\u00e9sidence et les habitant\u00b7e\u00b7s de la vall\u00e9e<\/li>\n<li class=\"li1\"><b> Les \u00c9v\u00e8nements<\/b>: partage r\u00e9guliers des progr\u00e8s du projet avec le public, en partenariat avec des scientifiques suisses<\/li>\n<\/ul>\n<p>&nbsp;<\/p>\n<p class=\"p3\">\t\t<div class=\"page-custom-feature image-100\" style=\"padding: 0;\">\n\t\t<img decoding=\"async\" src=\"https:\/\/www.alter-anniviers.com\/wp-content\/uploads\/2024\/03\/AFFICHE-ALTER-2223-scaled.jpg\" alt=\"\">\n\t<\/div>\n\t\t<\/p>\n<p>&nbsp;<\/p>\n<p class=\"p1\"><b>\u00c9dition 2022 : LES ANDES &amp; LES ALPES<br \/>\n<\/b><i>Territoires et visions du monde: <\/i><i>Transformations spirituelles et \u00e9nerg\u00e9tiques dans les r\u00e9gions de montagne<\/i><b><i><br \/>\n<\/i><\/b>Pour sa toute premi\u00e8re \u00e9dition, de juin \u00e0 ao\u00fbt 2022, ALTER- a facilit\u00e9 l\u2019\u00e9change et la collaboration entre un collectif de cinq artistes et chercheur\u00b7euse\u00b7s de Bolivie (Groupe <a href=\"https:\/\/sonandes.org\/\"><span class=\"s1\">Sonandes<\/span><\/a>), des habitant\u00b7e\u00b7s et communaut\u00e9s du Val d\u2019Anniviers, des chercheurs du\u00a0<a href=\"https:\/\/www.unil.ch\/centre-montagne\/home.html\"><span class=\"s1\">CIRM<\/span><\/a>-Universit\u00e9 de Lausanne, de la\u00a0<a href=\"https:\/\/www.hevs.ch\/en\/intro\"><span class=\"s1\">HES-SO Valais<\/span><\/a>, et des artistes suisses invit\u00e9s.<\/p>\n<p class=\"p1\"><b><br \/>\n\u00c9dition 2023 : ATMOSPH\u00c8RES SENSIBLES<br \/>\n<\/b><i>Nous sommes les Temps: <\/i><i>Transitions culturelles, climatiques, \u00e9nerg\u00e9tiques, \u00e9conomiques et sociales en haute montagne<\/i><b><i><br \/>\n<\/i><\/b>Le deuxi\u00e8me \u00e9t\u00e9 d\u2019ALTER- a r\u00e9uni cinq artistes et chercheurs du r\u00e9seau <a href=\"https:\/\/tsoeg.org\/\"><span class=\"s1\">TSOEG \u2013 Temporal School of Experimental Geography<\/span><\/a>, des habitant\u00b7e\u00b7s et communaut\u00e9s du Val d\u2019Anniviers, et des chercheurs du\u00a0<a href=\"https:\/\/www.unil.ch\/centre-montagne\/home.html\"><span class=\"s1\">CIRM<\/span><\/a>-Universit\u00e9 de Lausanne.<\/p>\n<p class=\"p3\">\n","protected":false},"excerpt":{"rendered":"<p>ALTER- Altitude Laboratory Transition Experiments Research &nbsp; ALTER-, une collaboration entre artistes, chercheur\u00b7euse\u00b7s et habitant\u00b7e\u00b7s locaux\u00b7les pour r\u00e9pondre aux crises environnementales dans les communaut\u00e9s de haute montagne, est un programme annuel qui a lieu durant l\u2019\u00e9t\u00e9 dans le Val d\u2019Anniviers en Valais, Suisse. ALTER- invite un groupe d\u2019artistes et chercheur\u00b7euse\u00b7s (un groupe de 3 \u00e0 [&hellip;]<\/p>\n","protected":false},"author":1,"featured_media":4894,"parent":0,"menu_order":0,"comment_status":"closed","ping_status":"closed","template":"templates\/template-about.php","meta":{"_acf_changed":false,"inline_featured_image":false,"footnotes":""},"class_list":["post-627","page","type-page","status-publish","has-post-thumbnail","hentry"],"acf":[],"yoast_head":"<!-- This site is optimized with the Yoast SEO plugin v26.4 - https:\/\/yoast.com\/wordpress\/plugins\/seo\/ -->\n<title>\u00c0 PROPOS | ALTER-<\/title>\n<meta name=\"description\" content=\"\u00c0 PROPOS I ALTER- Une r\u00e9sidence artistique de trois mois pour r\u00e9pondre \u00e0 l\u2019impact de la crise environnementale sur les communaut\u00e9s des Alpes suisses\" \/>\n<meta name=\"robots\" content=\"index, follow, max-snippet:-1, max-image-preview:large, max-video-preview:-1\" \/>\n<link rel=\"canonical\" href=\"https:\/\/www.alter-anniviers.com\/fr\/a-propos\/\" \/>\n<meta property=\"og:locale\" content=\"fr_FR\" \/>\n<meta property=\"og:type\" content=\"article\" \/>\n<meta property=\"og:title\" content=\"ALTER- Altitude Laboratory | Transition Experiments | Research\" \/>\n<meta property=\"og:description\" content=\"ALTER- Une r\u00e9sidence artistique de trois mois pour r\u00e9pondre \u00e0 l\u2019impact de la crise environnementale sur les communaut\u00e9s des Alpes suisses\" \/>\n<meta property=\"og:url\" content=\"https:\/\/www.alter-anniviers.com\/fr\/a-propos\/\" \/>\n<meta property=\"og:site_name\" content=\"ALTER-\" \/>\n<meta property=\"article:publisher\" content=\"https:\/\/www.facebook.com\/ALTER-Anniviers-110865824721848\" \/>\n<meta property=\"article:modified_time\" content=\"2024-03-04T15:52:52+00:00\" \/>\n<meta property=\"og:image\" content=\"https:\/\/www.alter-anniviers.com\/wp-content\/uploads\/2021\/11\/DSC00390-scaled-1.jpg\" \/>\n\t<meta property=\"og:image:width\" content=\"2560\" \/>\n\t<meta property=\"og:image:height\" content=\"1710\" \/>\n\t<meta property=\"og:image:type\" content=\"image\/jpeg\" \/>\n<meta name=\"twitter:card\" content=\"summary_large_image\" \/>\n<meta name=\"twitter:title\" content=\"ALTER- Altitude Laboratory | Transition Experiments | Research\" \/>\n<meta name=\"twitter:description\" content=\"ALTER- Une r\u00e9sidence artistique de trois mois pour r\u00e9pondre \u00e0 l\u2019impact de la crise environnementale sur les communaut\u00e9s des Alpes suisses\" \/>\n<meta name=\"twitter:image\" content=\"https:\/\/www.alter-anniviers.com\/wp-content\/uploads\/2021\/11\/DSC00390-scaled-1.jpg\" \/>\n<meta name=\"twitter:label1\" content=\"Dur\u00e9e de lecture estim\u00e9e\" \/>\n\t<meta name=\"twitter:data1\" content=\"2 minutes\" \/>\n<script type=\"application\/ld+json\" class=\"yoast-schema-graph\">{\"@context\":\"https:\/\/schema.org\",\"@graph\":[{\"@type\":\"WebPage\",\"@id\":\"https:\/\/www.alter-anniviers.com\/fr\/a-propos\/\",\"url\":\"https:\/\/www.alter-anniviers.com\/fr\/a-propos\/\",\"name\":\"\u00c0 PROPOS | ALTER-\",\"isPartOf\":{\"@id\":\"https:\/\/www.alter-anniviers.com\/fr\/#website\"},\"primaryImageOfPage\":{\"@id\":\"https:\/\/www.alter-anniviers.com\/fr\/a-propos\/#primaryimage\"},\"image\":{\"@id\":\"https:\/\/www.alter-anniviers.com\/fr\/a-propos\/#primaryimage\"},\"thumbnailUrl\":\"https:\/\/www.alter-anniviers.com\/wp-content\/uploads\/2024\/03\/123-3-scaled.jpg\",\"datePublished\":\"2021-11-09T03:49:53+00:00\",\"dateModified\":\"2024-03-04T15:52:52+00:00\",\"description\":\"\u00c0 PROPOS I ALTER- Une r\u00e9sidence artistique de trois mois pour r\u00e9pondre \u00e0 l\u2019impact de la crise environnementale sur les communaut\u00e9s des Alpes suisses\",\"breadcrumb\":{\"@id\":\"https:\/\/www.alter-anniviers.com\/fr\/a-propos\/#breadcrumb\"},\"inLanguage\":\"fr-FR\",\"potentialAction\":[{\"@type\":\"ReadAction\",\"target\":[\"https:\/\/www.alter-anniviers.com\/fr\/a-propos\/\"]}]},{\"@type\":\"ImageObject\",\"inLanguage\":\"fr-FR\",\"@id\":\"https:\/\/www.alter-anniviers.com\/fr\/a-propos\/#primaryimage\",\"url\":\"https:\/\/www.alter-anniviers.com\/wp-content\/uploads\/2024\/03\/123-3-scaled.jpg\",\"contentUrl\":\"https:\/\/www.alter-anniviers.com\/wp-content\/uploads\/2024\/03\/123-3-scaled.jpg\",\"width\":2560,\"height\":1047},{\"@type\":\"BreadcrumbList\",\"@id\":\"https:\/\/www.alter-anniviers.com\/fr\/a-propos\/#breadcrumb\",\"itemListElement\":[{\"@type\":\"ListItem\",\"position\":1,\"name\":\"Home\",\"item\":\"https:\/\/www.alter-anniviers.com\/fr\/\"},{\"@type\":\"ListItem\",\"position\":2,\"name\":\"\u00c0 PROPOS\"}]},{\"@type\":\"WebSite\",\"@id\":\"https:\/\/www.alter-anniviers.com\/fr\/#website\",\"url\":\"https:\/\/www.alter-anniviers.com\/fr\/\",\"name\":\"ALTER-\",\"description\":\"Altitude Laboratory I Transition Experiments I Research\",\"potentialAction\":[{\"@type\":\"SearchAction\",\"target\":{\"@type\":\"EntryPoint\",\"urlTemplate\":\"https:\/\/www.alter-anniviers.com\/fr\/?s={search_term_string}\"},\"query-input\":{\"@type\":\"PropertyValueSpecification\",\"valueRequired\":true,\"valueName\":\"search_term_string\"}}],\"inLanguage\":\"fr-FR\"}]}<\/script>\n<!-- \/ Yoast SEO plugin. -->","yoast_head_json":{"title":"\u00c0 PROPOS | ALTER-","description":"\u00c0 PROPOS I ALTER- Une r\u00e9sidence artistique de trois mois pour r\u00e9pondre \u00e0 l\u2019impact de la crise environnementale sur les communaut\u00e9s des Alpes suisses","robots":{"index":"index","follow":"follow","max-snippet":"max-snippet:-1","max-image-preview":"max-image-preview:large","max-video-preview":"max-video-preview:-1"},"canonical":"https:\/\/www.alter-anniviers.com\/fr\/a-propos\/","og_locale":"fr_FR","og_type":"article","og_title":"ALTER- Altitude Laboratory | Transition Experiments | Research","og_description":"ALTER- Une r\u00e9sidence artistique de trois mois pour r\u00e9pondre \u00e0 l\u2019impact de la crise environnementale sur les communaut\u00e9s des Alpes suisses","og_url":"https:\/\/www.alter-anniviers.com\/fr\/a-propos\/","og_site_name":"ALTER-","article_publisher":"https:\/\/www.facebook.com\/ALTER-Anniviers-110865824721848","article_modified_time":"2024-03-04T15:52:52+00:00","og_image":[{"width":2560,"height":1710,"url":"https:\/\/www.alter-anniviers.com\/wp-content\/uploads\/2021\/11\/DSC00390-scaled-1.jpg","type":"image\/jpeg"}],"twitter_card":"summary_large_image","twitter_title":"ALTER- Altitude Laboratory | Transition Experiments | Research","twitter_description":"ALTER- Une r\u00e9sidence artistique de trois mois pour r\u00e9pondre \u00e0 l\u2019impact de la crise environnementale sur les communaut\u00e9s des Alpes suisses","twitter_image":"https:\/\/www.alter-anniviers.com\/wp-content\/uploads\/2021\/11\/DSC00390-scaled-1.jpg","twitter_misc":{"Dur\u00e9e de lecture estim\u00e9e":"2 minutes"},"schema":{"@context":"https:\/\/schema.org","@graph":[{"@type":"WebPage","@id":"https:\/\/www.alter-anniviers.com\/fr\/a-propos\/","url":"https:\/\/www.alter-anniviers.com\/fr\/a-propos\/","name":"\u00c0 PROPOS | ALTER-","isPartOf":{"@id":"https:\/\/www.alter-anniviers.com\/fr\/#website"},"primaryImageOfPage":{"@id":"https:\/\/www.alter-anniviers.com\/fr\/a-propos\/#primaryimage"},"image":{"@id":"https:\/\/www.alter-anniviers.com\/fr\/a-propos\/#primaryimage"},"thumbnailUrl":"https:\/\/www.alter-anniviers.com\/wp-content\/uploads\/2024\/03\/123-3-scaled.jpg","datePublished":"2021-11-09T03:49:53+00:00","dateModified":"2024-03-04T15:52:52+00:00","description":"\u00c0 PROPOS I ALTER- Une r\u00e9sidence artistique de trois mois pour r\u00e9pondre \u00e0 l\u2019impact de la crise environnementale sur les communaut\u00e9s des Alpes suisses","breadcrumb":{"@id":"https:\/\/www.alter-anniviers.com\/fr\/a-propos\/#breadcrumb"},"inLanguage":"fr-FR","potentialAction":[{"@type":"ReadAction","target":["https:\/\/www.alter-anniviers.com\/fr\/a-propos\/"]}]},{"@type":"ImageObject","inLanguage":"fr-FR","@id":"https:\/\/www.alter-anniviers.com\/fr\/a-propos\/#primaryimage","url":"https:\/\/www.alter-anniviers.com\/wp-content\/uploads\/2024\/03\/123-3-scaled.jpg","contentUrl":"https:\/\/www.alter-anniviers.com\/wp-content\/uploads\/2024\/03\/123-3-scaled.jpg","width":2560,"height":1047},{"@type":"BreadcrumbList","@id":"https:\/\/www.alter-anniviers.com\/fr\/a-propos\/#breadcrumb","itemListElement":[{"@type":"ListItem","position":1,"name":"Home","item":"https:\/\/www.alter-anniviers.com\/fr\/"},{"@type":"ListItem","position":2,"name":"\u00c0 PROPOS"}]},{"@type":"WebSite","@id":"https:\/\/www.alter-anniviers.com\/fr\/#website","url":"https:\/\/www.alter-anniviers.com\/fr\/","name":"ALTER-","description":"Altitude Laboratory I Transition Experiments I Research","potentialAction":[{"@type":"SearchAction","target":{"@type":"EntryPoint","urlTemplate":"https:\/\/www.alter-anniviers.com\/fr\/?s={search_term_string}"},"query-input":{"@type":"PropertyValueSpecification","valueRequired":true,"valueName":"search_term_string"}}],"inLanguage":"fr-FR"}]}},"_links":{"self":[{"href":"https:\/\/www.alter-anniviers.com\/fr\/wp-json\/wp\/v2\/pages\/627","targetHints":{"allow":["GET"]}}],"collection":[{"href":"https:\/\/www.alter-anniviers.com\/fr\/wp-json\/wp\/v2\/pages"}],"about":[{"href":"https:\/\/www.alter-anniviers.com\/fr\/wp-json\/wp\/v2\/types\/page"}],"author":[{"embeddable":true,"href":"https:\/\/www.alter-anniviers.com\/fr\/wp-json\/wp\/v2\/users\/1"}],"replies":[{"embeddable":true,"href":"https:\/\/www.alter-anniviers.com\/fr\/wp-json\/wp\/v2\/comments?post=627"}],"version-history":[{"count":64,"href":"https:\/\/www.alter-anniviers.com\/fr\/wp-json\/wp\/v2\/pages\/627\/revisions"}],"predecessor-version":[{"id":4932,"href":"https:\/\/www.alter-anniviers.com\/fr\/wp-json\/wp\/v2\/pages\/627\/revisions\/4932"}],"wp:featuredmedia":[{"embeddable":true,"href":"https:\/\/www.alter-anniviers.com\/fr\/wp-json\/wp\/v2\/media\/4894"}],"wp:attachment":[{"href":"https:\/\/www.alter-anniviers.com\/fr\/wp-json\/wp\/v2\/media?parent=627"}],"curies":[{"name":"wp","href":"https:\/\/api.w.org\/{rel}","templated":true}]}}