{"id":615,"date":"2021-11-09T03:49:18","date_gmt":"2021-11-09T03:49:18","guid":{"rendered":"https:\/\/www.alter-anniviers.com\/application-form\/"},"modified":"2022-02-11T06:59:13","modified_gmt":"2022-02-11T06:59:13","slug":"formulaire-de-candidature","status":"publish","type":"page","link":"https:\/\/www.alter-anniviers.com\/fr\/formulaire-de-candidature\/","title":{"rendered":"FORMULAIRE DE CANDIDATURE"},"content":{"rendered":"","protected":false},"excerpt":{"rendered":"","protected":false},"author":1,"featured_media":0,"parent":0,"menu_order":0,"comment_status":"closed","ping_status":"closed","template":"templates\/template-application-form.php","meta":{"_acf_changed":false,"inline_featured_image":false,"footnotes":""},"class_list":["post-615","page","type-page","status-publish","hentry"],"acf":[],"yoast_head":"<!-- This site is optimized with the Yoast SEO plugin v26.4 - https:\/\/yoast.com\/wordpress\/plugins\/seo\/ -->\n<title>FORMULAIRE DE CANDIDATURE | ALTER-<\/title>\n<meta name=\"description\" content=\"Formulaire de candidature I Bienvenue! Veuillez compl\u00e9ter ce formulaire afin de nous transmettre votre candidature \u00e0 la r\u00e9sidence ALTER-.\" \/>\n<meta name=\"robots\" content=\"index, follow, max-snippet:-1, max-image-preview:large, max-video-preview:-1\" \/>\n<link rel=\"canonical\" href=\"https:\/\/www.alter-anniviers.com\/fr\/formulaire-de-candidature\/\" \/>\n<meta property=\"og:locale\" content=\"fr_FR\" \/>\n<meta property=\"og:type\" content=\"article\" \/>\n<meta property=\"og:title\" content=\"ALTER- Altitude Laboratory | Transition Experiments | Research\" \/>\n<meta property=\"og:description\" content=\"Formulaire de candidature I Bienvenue! Veuillez compl\u00e9ter ce formulaire afin de nous transmettre votre candidature \u00e0 la r\u00e9sidence ALTER-.\" \/>\n<meta property=\"og:url\" content=\"https:\/\/www.alter-anniviers.com\/fr\/formulaire-de-candidature\/\" \/>\n<meta property=\"og:site_name\" content=\"ALTER-\" \/>\n<meta property=\"article:publisher\" content=\"https:\/\/www.facebook.com\/ALTER-Anniviers-110865824721848\" \/>\n<meta property=\"article:modified_time\" content=\"2022-02-11T06:59:13+00:00\" \/>\n<meta property=\"og:image\" content=\"https:\/\/www.alter-anniviers.com\/wp-content\/uploads\/2021\/11\/ALTER-NBlustig-photography-1vPblXnxhds-unsplash-scaled.jpg\" \/>\n\t<meta property=\"og:image:width\" content=\"2560\" \/>\n\t<meta property=\"og:image:height\" content=\"1426\" \/>\n\t<meta property=\"og:image:type\" content=\"image\/jpeg\" \/>\n<meta name=\"twitter:card\" content=\"summary_large_image\" \/>\n<meta name=\"twitter:title\" content=\"ALTER- Altitude Laboratory | Transition Experiments | Research\" \/>\n<meta name=\"twitter:image\" content=\"https:\/\/www.alter-anniviers.com\/wp-content\/uploads\/2021\/11\/ALTER-NBlustig-photography-1vPblXnxhds-unsplash-scaled.jpg\" \/>\n<script type=\"application\/ld+json\" class=\"yoast-schema-graph\">{\"@context\":\"https:\/\/schema.org\",\"@graph\":[{\"@type\":\"WebPage\",\"@id\":\"https:\/\/www.alter-anniviers.com\/fr\/formulaire-de-candidature\/\",\"url\":\"https:\/\/www.alter-anniviers.com\/fr\/formulaire-de-candidature\/\",\"name\":\"FORMULAIRE DE CANDIDATURE | ALTER-\",\"isPartOf\":{\"@id\":\"https:\/\/www.alter-anniviers.com\/fr\/#website\"},\"datePublished\":\"2021-11-09T03:49:18+00:00\",\"dateModified\":\"2022-02-11T06:59:13+00:00\",\"description\":\"Formulaire de candidature I Bienvenue! Veuillez compl\u00e9ter ce formulaire afin de nous transmettre votre candidature \u00e0 la r\u00e9sidence ALTER-.\",\"breadcrumb\":{\"@id\":\"https:\/\/www.alter-anniviers.com\/fr\/formulaire-de-candidature\/#breadcrumb\"},\"inLanguage\":\"fr-FR\",\"potentialAction\":[{\"@type\":\"ReadAction\",\"target\":[\"https:\/\/www.alter-anniviers.com\/fr\/formulaire-de-candidature\/\"]}]},{\"@type\":\"BreadcrumbList\",\"@id\":\"https:\/\/www.alter-anniviers.com\/fr\/formulaire-de-candidature\/#breadcrumb\",\"itemListElement\":[{\"@type\":\"ListItem\",\"position\":1,\"name\":\"Home\",\"item\":\"https:\/\/www.alter-anniviers.com\/fr\/\"},{\"@type\":\"ListItem\",\"position\":2,\"name\":\"FORMULAIRE DE CANDIDATURE\"}]},{\"@type\":\"WebSite\",\"@id\":\"https:\/\/www.alter-anniviers.com\/fr\/#website\",\"url\":\"https:\/\/www.alter-anniviers.com\/fr\/\",\"name\":\"ALTER-\",\"description\":\"Altitude Laboratory I Transition Experiments I Research\",\"potentialAction\":[{\"@type\":\"SearchAction\",\"target\":{\"@type\":\"EntryPoint\",\"urlTemplate\":\"https:\/\/www.alter-anniviers.com\/fr\/?s={search_term_string}\"},\"query-input\":{\"@type\":\"PropertyValueSpecification\",\"valueRequired\":true,\"valueName\":\"search_term_string\"}}],\"inLanguage\":\"fr-FR\"}]}<\/script>\n<!-- \/ Yoast SEO plugin. -->","yoast_head_json":{"title":"FORMULAIRE DE CANDIDATURE | ALTER-","description":"Formulaire de candidature I Bienvenue! Veuillez compl\u00e9ter ce formulaire afin de nous transmettre votre candidature \u00e0 la r\u00e9sidence ALTER-.","robots":{"index":"index","follow":"follow","max-snippet":"max-snippet:-1","max-image-preview":"max-image-preview:large","max-video-preview":"max-video-preview:-1"},"canonical":"https:\/\/www.alter-anniviers.com\/fr\/formulaire-de-candidature\/","og_locale":"fr_FR","og_type":"article","og_title":"ALTER- Altitude Laboratory | Transition Experiments | Research","og_description":"Formulaire de candidature I Bienvenue! Veuillez compl\u00e9ter ce formulaire afin de nous transmettre votre candidature \u00e0 la r\u00e9sidence ALTER-.","og_url":"https:\/\/www.alter-anniviers.com\/fr\/formulaire-de-candidature\/","og_site_name":"ALTER-","article_publisher":"https:\/\/www.facebook.com\/ALTER-Anniviers-110865824721848","article_modified_time":"2022-02-11T06:59:13+00:00","og_image":[{"width":2560,"height":1426,"url":"https:\/\/www.alter-anniviers.com\/wp-content\/uploads\/2021\/11\/ALTER-NBlustig-photography-1vPblXnxhds-unsplash-scaled.jpg","type":"image\/jpeg"}],"twitter_card":"summary_large_image","twitter_title":"ALTER- Altitude Laboratory | Transition Experiments | Research","twitter_image":"https:\/\/www.alter-anniviers.com\/wp-content\/uploads\/2021\/11\/ALTER-NBlustig-photography-1vPblXnxhds-unsplash-scaled.jpg","schema":{"@context":"https:\/\/schema.org","@graph":[{"@type":"WebPage","@id":"https:\/\/www.alter-anniviers.com\/fr\/formulaire-de-candidature\/","url":"https:\/\/www.alter-anniviers.com\/fr\/formulaire-de-candidature\/","name":"FORMULAIRE DE CANDIDATURE | ALTER-","isPartOf":{"@id":"https:\/\/www.alter-anniviers.com\/fr\/#website"},"datePublished":"2021-11-09T03:49:18+00:00","dateModified":"2022-02-11T06:59:13+00:00","description":"Formulaire de candidature I Bienvenue! Veuillez compl\u00e9ter ce formulaire afin de nous transmettre votre candidature \u00e0 la r\u00e9sidence ALTER-.","breadcrumb":{"@id":"https:\/\/www.alter-anniviers.com\/fr\/formulaire-de-candidature\/#breadcrumb"},"inLanguage":"fr-FR","potentialAction":[{"@type":"ReadAction","target":["https:\/\/www.alter-anniviers.com\/fr\/formulaire-de-candidature\/"]}]},{"@type":"BreadcrumbList","@id":"https:\/\/www.alter-anniviers.com\/fr\/formulaire-de-candidature\/#breadcrumb","itemListElement":[{"@type":"ListItem","position":1,"name":"Home","item":"https:\/\/www.alter-anniviers.com\/fr\/"},{"@type":"ListItem","position":2,"name":"FORMULAIRE DE CANDIDATURE"}]},{"@type":"WebSite","@id":"https:\/\/www.alter-anniviers.com\/fr\/#website","url":"https:\/\/www.alter-anniviers.com\/fr\/","name":"ALTER-","description":"Altitude Laboratory I Transition Experiments I Research","potentialAction":[{"@type":"SearchAction","target":{"@type":"EntryPoint","urlTemplate":"https:\/\/www.alter-anniviers.com\/fr\/?s={search_term_string}"},"query-input":{"@type":"PropertyValueSpecification","valueRequired":true,"valueName":"search_term_string"}}],"inLanguage":"fr-FR"}]}},"_links":{"self":[{"href":"https:\/\/www.alter-anniviers.com\/fr\/wp-json\/wp\/v2\/pages\/615","targetHints":{"allow":["GET"]}}],"collection":[{"href":"https:\/\/www.alter-anniviers.com\/fr\/wp-json\/wp\/v2\/pages"}],"about":[{"href":"https:\/\/www.alter-anniviers.com\/fr\/wp-json\/wp\/v2\/types\/page"}],"author":[{"embeddable":true,"href":"https:\/\/www.alter-anniviers.com\/fr\/wp-json\/wp\/v2\/users\/1"}],"replies":[{"embeddable":true,"href":"https:\/\/www.alter-anniviers.com\/fr\/wp-json\/wp\/v2\/comments?post=615"}],"version-history":[{"count":6,"href":"https:\/\/www.alter-anniviers.com\/fr\/wp-json\/wp\/v2\/pages\/615\/revisions"}],"predecessor-version":[{"id":1876,"href":"https:\/\/www.alter-anniviers.com\/fr\/wp-json\/wp\/v2\/pages\/615\/revisions\/1876"}],"wp:attachment":[{"href":"https:\/\/www.alter-anniviers.com\/fr\/wp-json\/wp\/v2\/media?parent=615"}],"curies":[{"name":"wp","href":"https:\/\/api.w.org\/{rel}","templated":true}]}}