{"id":2057,"date":"2022-02-13T00:29:30","date_gmt":"2022-02-13T00:29:30","guid":{"rendered":"https:\/\/www.alter-anniviers.com\/?page_id=2057"},"modified":"2024-03-04T09:37:14","modified_gmt":"2024-03-04T09:37:14","slug":"partenaires","status":"publish","type":"page","link":"https:\/\/www.alter-anniviers.com\/fr\/partenaires\/","title":{"rendered":"PARTENAIRES"},"content":{"rendered":"<p class=\"p1\">ALTER- remercie chaleureusement les partenaires du Val d&rsquo;Anniviers, ainsi que les institutions culturelles, les collectivit\u00e9s publiques, les partenaires, les coproducteurs et les sponsors pour leur g\u00e9n\u00e9rosit\u00e9. Gr\u00e2ce \u00e0 eux nous pouvons, chaque ann\u00e9e, inviter un groupe d\u2019artistes et chercheur\u00b7euse\u00b7s afin de g\u00e9n\u00e9rer des recherches et des exp\u00e9riences significatives pour notre communaut\u00e9 et d\u2019autres r\u00e9gions de montagne dans le monde.<\/p>\n","protected":false},"excerpt":{"rendered":"<p>ALTER- remercie chaleureusement les partenaires du Val d&rsquo;Anniviers, ainsi que les institutions culturelles, les collectivit\u00e9s publiques, les partenaires, les coproducteurs et les sponsors pour leur g\u00e9n\u00e9rosit\u00e9. Gr\u00e2ce \u00e0 eux nous pouvons, chaque ann\u00e9e, inviter un groupe d\u2019artistes et chercheur\u00b7euse\u00b7s afin de g\u00e9n\u00e9rer des recherches et des exp\u00e9riences significatives pour notre communaut\u00e9 et d\u2019autres r\u00e9gions de [&hellip;]<\/p>\n","protected":false},"author":1,"featured_media":0,"parent":0,"menu_order":0,"comment_status":"closed","ping_status":"closed","template":"templates\/template-partners.php","meta":{"_acf_changed":false,"inline_featured_image":false,"footnotes":""},"class_list":["post-2057","page","type-page","status-publish","hentry"],"acf":[],"yoast_head":"<!-- This site is optimized with the Yoast SEO plugin v26.4 - https:\/\/yoast.com\/wordpress\/plugins\/seo\/ -->\n<title>PARTENAIRES | ALTER-<\/title>\n<meta name=\"description\" content=\"Partenaires I MERCI L&#039;\u00e9quipe ALTER- remercie chaleureusement les partenaires gr\u00e2ce \u00e0 qui ce projet est possible. Producer: BadNewsFromTheStars*\" \/>\n<meta name=\"robots\" content=\"index, follow, max-snippet:-1, max-image-preview:large, max-video-preview:-1\" \/>\n<link rel=\"canonical\" href=\"https:\/\/www.alter-anniviers.com\/fr\/partenaires\/\" \/>\n<meta property=\"og:locale\" content=\"fr_FR\" \/>\n<meta property=\"og:type\" content=\"article\" \/>\n<meta property=\"og:title\" content=\"PARTENAIRES | ALTER-\" \/>\n<meta property=\"og:description\" content=\"Partenaires I MERCI L&#039;\u00e9quipe ALTER- remercie chaleureusement les partenaires gr\u00e2ce \u00e0 qui ce projet est possible. Producer: BadNewsFromTheStars*\" \/>\n<meta property=\"og:url\" content=\"https:\/\/www.alter-anniviers.com\/fr\/partenaires\/\" \/>\n<meta property=\"og:site_name\" content=\"ALTER-\" \/>\n<meta property=\"article:publisher\" content=\"https:\/\/www.facebook.com\/ALTER-Anniviers-110865824721848\" \/>\n<meta property=\"article:modified_time\" content=\"2024-03-04T09:37:14+00:00\" \/>\n<meta name=\"twitter:card\" content=\"summary_large_image\" \/>\n<meta name=\"twitter:label1\" content=\"Dur\u00e9e de lecture estim\u00e9e\" \/>\n\t<meta name=\"twitter:data1\" content=\"1 minute\" \/>\n<script type=\"application\/ld+json\" class=\"yoast-schema-graph\">{\"@context\":\"https:\/\/schema.org\",\"@graph\":[{\"@type\":\"WebPage\",\"@id\":\"https:\/\/www.alter-anniviers.com\/fr\/partenaires\/\",\"url\":\"https:\/\/www.alter-anniviers.com\/fr\/partenaires\/\",\"name\":\"PARTENAIRES | ALTER-\",\"isPartOf\":{\"@id\":\"https:\/\/www.alter-anniviers.com\/fr\/#website\"},\"datePublished\":\"2022-02-13T00:29:30+00:00\",\"dateModified\":\"2024-03-04T09:37:14+00:00\",\"description\":\"Partenaires I MERCI L'\u00e9quipe ALTER- remercie chaleureusement les partenaires gr\u00e2ce \u00e0 qui ce projet est possible. Producer: BadNewsFromTheStars*\",\"breadcrumb\":{\"@id\":\"https:\/\/www.alter-anniviers.com\/fr\/partenaires\/#breadcrumb\"},\"inLanguage\":\"fr-FR\",\"potentialAction\":[{\"@type\":\"ReadAction\",\"target\":[\"https:\/\/www.alter-anniviers.com\/fr\/partenaires\/\"]}]},{\"@type\":\"BreadcrumbList\",\"@id\":\"https:\/\/www.alter-anniviers.com\/fr\/partenaires\/#breadcrumb\",\"itemListElement\":[{\"@type\":\"ListItem\",\"position\":1,\"name\":\"Home\",\"item\":\"https:\/\/www.alter-anniviers.com\/fr\/\"},{\"@type\":\"ListItem\",\"position\":2,\"name\":\"PARTENAIRES\"}]},{\"@type\":\"WebSite\",\"@id\":\"https:\/\/www.alter-anniviers.com\/fr\/#website\",\"url\":\"https:\/\/www.alter-anniviers.com\/fr\/\",\"name\":\"ALTER-\",\"description\":\"Altitude Laboratory I Transition Experiments I Research\",\"potentialAction\":[{\"@type\":\"SearchAction\",\"target\":{\"@type\":\"EntryPoint\",\"urlTemplate\":\"https:\/\/www.alter-anniviers.com\/fr\/?s={search_term_string}\"},\"query-input\":{\"@type\":\"PropertyValueSpecification\",\"valueRequired\":true,\"valueName\":\"search_term_string\"}}],\"inLanguage\":\"fr-FR\"}]}<\/script>\n<!-- \/ Yoast SEO plugin. -->","yoast_head_json":{"title":"PARTENAIRES | ALTER-","description":"Partenaires I MERCI L'\u00e9quipe ALTER- remercie chaleureusement les partenaires gr\u00e2ce \u00e0 qui ce projet est possible. Producer: BadNewsFromTheStars*","robots":{"index":"index","follow":"follow","max-snippet":"max-snippet:-1","max-image-preview":"max-image-preview:large","max-video-preview":"max-video-preview:-1"},"canonical":"https:\/\/www.alter-anniviers.com\/fr\/partenaires\/","og_locale":"fr_FR","og_type":"article","og_title":"PARTENAIRES | ALTER-","og_description":"Partenaires I MERCI L'\u00e9quipe ALTER- remercie chaleureusement les partenaires gr\u00e2ce \u00e0 qui ce projet est possible. Producer: BadNewsFromTheStars*","og_url":"https:\/\/www.alter-anniviers.com\/fr\/partenaires\/","og_site_name":"ALTER-","article_publisher":"https:\/\/www.facebook.com\/ALTER-Anniviers-110865824721848","article_modified_time":"2024-03-04T09:37:14+00:00","twitter_card":"summary_large_image","twitter_misc":{"Dur\u00e9e de lecture estim\u00e9e":"1 minute"},"schema":{"@context":"https:\/\/schema.org","@graph":[{"@type":"WebPage","@id":"https:\/\/www.alter-anniviers.com\/fr\/partenaires\/","url":"https:\/\/www.alter-anniviers.com\/fr\/partenaires\/","name":"PARTENAIRES | ALTER-","isPartOf":{"@id":"https:\/\/www.alter-anniviers.com\/fr\/#website"},"datePublished":"2022-02-13T00:29:30+00:00","dateModified":"2024-03-04T09:37:14+00:00","description":"Partenaires I MERCI L'\u00e9quipe ALTER- remercie chaleureusement les partenaires gr\u00e2ce \u00e0 qui ce projet est possible. Producer: BadNewsFromTheStars*","breadcrumb":{"@id":"https:\/\/www.alter-anniviers.com\/fr\/partenaires\/#breadcrumb"},"inLanguage":"fr-FR","potentialAction":[{"@type":"ReadAction","target":["https:\/\/www.alter-anniviers.com\/fr\/partenaires\/"]}]},{"@type":"BreadcrumbList","@id":"https:\/\/www.alter-anniviers.com\/fr\/partenaires\/#breadcrumb","itemListElement":[{"@type":"ListItem","position":1,"name":"Home","item":"https:\/\/www.alter-anniviers.com\/fr\/"},{"@type":"ListItem","position":2,"name":"PARTENAIRES"}]},{"@type":"WebSite","@id":"https:\/\/www.alter-anniviers.com\/fr\/#website","url":"https:\/\/www.alter-anniviers.com\/fr\/","name":"ALTER-","description":"Altitude Laboratory I Transition Experiments I Research","potentialAction":[{"@type":"SearchAction","target":{"@type":"EntryPoint","urlTemplate":"https:\/\/www.alter-anniviers.com\/fr\/?s={search_term_string}"},"query-input":{"@type":"PropertyValueSpecification","valueRequired":true,"valueName":"search_term_string"}}],"inLanguage":"fr-FR"}]}},"_links":{"self":[{"href":"https:\/\/www.alter-anniviers.com\/fr\/wp-json\/wp\/v2\/pages\/2057","targetHints":{"allow":["GET"]}}],"collection":[{"href":"https:\/\/www.alter-anniviers.com\/fr\/wp-json\/wp\/v2\/pages"}],"about":[{"href":"https:\/\/www.alter-anniviers.com\/fr\/wp-json\/wp\/v2\/types\/page"}],"author":[{"embeddable":true,"href":"https:\/\/www.alter-anniviers.com\/fr\/wp-json\/wp\/v2\/users\/1"}],"replies":[{"embeddable":true,"href":"https:\/\/www.alter-anniviers.com\/fr\/wp-json\/wp\/v2\/comments?post=2057"}],"version-history":[{"count":61,"href":"https:\/\/www.alter-anniviers.com\/fr\/wp-json\/wp\/v2\/pages\/2057\/revisions"}],"predecessor-version":[{"id":4817,"href":"https:\/\/www.alter-anniviers.com\/fr\/wp-json\/wp\/v2\/pages\/2057\/revisions\/4817"}],"wp:attachment":[{"href":"https:\/\/www.alter-anniviers.com\/fr\/wp-json\/wp\/v2\/media?parent=2057"}],"curies":[{"name":"wp","href":"https:\/\/api.w.org\/{rel}","templated":true}]}}