{"id":1462,"date":"2021-11-29T18:28:05","date_gmt":"2021-11-29T18:28:05","guid":{"rendered":"https:\/\/www.alter-anniviers.com\/?page_id=1462"},"modified":"2024-03-04T18:09:55","modified_gmt":"2024-03-04T18:09:55","slug":"residence-faq","status":"publish","type":"page","link":"https:\/\/www.alter-anniviers.com\/fr\/residence-faq\/","title":{"rendered":"R\u00c9SIDENCE FAQ"},"content":{"rendered":"<p><span class=\"page-big-title\">Foire Aux Questions<\/span><\/p>\n<p>&nbsp;<\/p>\n<p><strong><span class=\"page-small-title\">Qui peut envoyer sa candidature pour ALTER-?<\/span><\/strong><\/p>\n<p class=\"p1\">Seul un collectif de 3 \u00e0 5 personnes, d\u00e9j\u00e0 form\u00e9 et transdisciplinaire peut envoyer sa candidature. La r\u00e9sidence est ouverte \u00e0 toutes les \u00e9quipes transdisciplinaires, sans distinction d\u2019\u00e2ge ou de nationalit\u00e9. Les \u00e9quipes peuvent venir de n\u2019importe o\u00f9 dans le monde ; nous encourageons celles et ceux qui ont d\u00e9j\u00e0 d\u00e9velopp\u00e9 des recherches et des travaux dans les r\u00e9gions de montagne \u00e0 postuler. Ne seront pas retenues les candidatures d\u2019individus ou d\u2019\u00e9quipes d\u2019\u00e9tudiant\u00b7e\u00b7s\/chercheur\u00b7euse\u00b7s qui souhaitent effectuer la r\u00e9sidence dans un cadre universitaire, par exemple pour soutenir un projet de classe ou une th\u00e8se.<\/p>\n<p>&nbsp;<\/p>\n<p><strong><span class=\"page-small-title\">Quelle doit \u00eatre la composition du collectif transdisciplinaire qui candidate?<\/span><\/strong><\/p>\n<p class=\"p1\">Les \u00e9quipes doivent \u00eatre compos\u00e9es de trois \u00e0 cinq artistes visuels\/performers\/sonores, de scientifiques, d\u2019\u00e9crivain\u00b7e\u00b7s ou d\u2019autres professionnels qui ont une relation \u00e9tablie depuis au moins trois ans et un travail existant qui refl\u00e8te des th\u00e8mes artistiques et environnementaux en r\u00e9sonance avec ceux d\u2019ALTER-. L\u2019\u00e9quipe doit compter au moins un\u00b7e membre francophone qui assurera la traduction entre les r\u00e9sidents et les habitant\u00b7e\u00b7s d\u2019Anniviers.<\/p>\n<p>&nbsp;<\/p>\n<p><strong><span class=\"page-small-title\">Quand la candidature pour l\u2019\u00e9t\u00e9 2023 doit-elle \u00eatre d\u00e9pos\u00e9e et quand la d\u00e9cision sera-t-elle prise?<\/span><\/strong><\/p>\n<p class=\"p1\">La date limite de d\u00e9p\u00f4t des candidatures est fix\u00e9e au 15 janvier 2023, \u00e0 23h00 CET. Un jury repr\u00e9sentant diverses disciplines examinera les candidatures. L&rsquo;\u00e9quipe s\u00e9lectionn\u00e9e sera inform\u00e9e au plus tard le 15 f\u00e9vrier 2023.<\/p>\n<p>&nbsp;<\/p>\n<p><strong><span class=\"page-small-title\">Quelle est la dur\u00e9e du programme de r\u00e9sidence ALTER-?<\/span><\/strong><\/p>\n<p class=\"p1\">Chaque ann\u00e9e, la r\u00e9sidence est propos\u00e9e:<\/p>\n<ul>\n<li>soit pour une dur\u00e9e de 3 mois, du 5 juin au 30 ao\u00fbt<\/li>\n<li>soit pour une dur\u00e9e de 2 mois, du 3 juillet au 30 ao\u00fbt.<\/li>\n<\/ul>\n<p>Tou\u00b7te\u00b7s les r\u00e9sident\u00b7e\u00b7s doivent arriver entre le 3 et le 5 juin ou entre le 1 et le 3 juillet et partir le 30 ou le 31 ao\u00fbt.<\/p>\n<p>&nbsp;<\/p>\n<p><span class=\"p2 page-small-title\"><b>Notre \u00e9quipe est-elle in\u00e9ligible si nous ne pouvons pas rester pendant trois mois?<\/b><\/span><\/p>\n<p class=\"p1\">La priorit\u00e9 sera donn\u00e9e aux \u00e9quipes qui peuvent effectuer la totalit\u00e9 de la r\u00e9sidence de trois mois, du 5 juin au 30 ao\u00fbt. Cependant, nous comprenons que cela puisse ne pas \u00eatre possible et nous pouvons envisager une r\u00e9sidence de deux mois, du 3 juillet au 30 ao\u00fbt. Toute dur\u00e9e inf\u00e9rieure \u00e0 deux mois compromet votre capacit\u00e9 \u00e0 \u00e9tablir des relations avec les habitant\u00b7e\u00b7s du Val d&rsquo;Anniviers, la composante la plus importante d&rsquo;ALTER-.<\/p>\n<p>&nbsp;<\/p>\n<p><span class=\"p1 page-small-title\"><strong>Les familles, les partenaires, les conjoint<b>\u00b7e\u00b7<\/b>s, les enfants et les proches peuvent-ils venir?<\/strong><\/span><\/p>\n<p class=\"p1\">Le programme de r\u00e9sidence ALTER- ne peut malheureusement pas fournir d&rsquo;aide financi\u00e8re et\/ou de soutien logistique pour les partenaires et\/ou les familles.<\/p>\n<p>&nbsp;<\/p>\n<p><span class=\"page-small-title\"><b>Que comprend le dossier de candidature?<\/b><\/span><\/p>\n<ul>\n<li>Un r\u00e9sum\u00e9 dans lequel vous vous pr\u00e9sentez, votre travail et ce qui vous a motiv\u00e9 \u00e0 postuler \u00e0 la r\u00e9sidence.<\/li>\n<li>Une description d\u00e9taill\u00e9e de la question sp\u00e9cifique que vous comptez aborder, de ses d\u00e9fis, de votre processus de cr\u00e9ation\/recherche et du projet final que vous envisagez de d\u00e9velopper. Expliquez pourquoi cette r\u00e9gion sp\u00e9cifique est importante pour la r\u00e9alisation de votre projet.<\/li>\n<li>Des documents qui aident \u00e0 illustrer votre travail, tels qu&rsquo;un website, des biographies, un PDF de votre portfolio, des photos, des vid\u00e9os, des articles, des liens vers les r\u00e9seaux sociaux ou un dossier de presse.<\/li>\n<li>Lors de la pr\u00e9paration de votre candidature, r\u00e9fl\u00e9chissez \u00e0 ce qui rend votre travail innovant, \u00e0 la mani\u00e8re dont il aborde les questions environnementales urgentes, \u00e0 la fa\u00e7on dont vous envisagez de collaborer avec les habitant\u00b7e\u00b7s de la vall\u00e9e et, enfin, \u00e0 la mani\u00e8re dont votre r\u00e9sidence pourrait contribuer \u00e0 la compr\u00e9hension des impacts des changements sociaux, \u00e9conomiques et environnementaux dans les r\u00e9gions de montagne et \u00e0 l&rsquo;adaptation \u00e0 ces changements.<\/li>\n<\/ul>\n<p class=\"p1\">Veuillez noter que les \u00e9quipes qui ne respectent pas ces sp\u00e9cifications seront disqualifi\u00e9es.<\/p>\n<p>&nbsp;<\/p>\n<p><span class=\"p1 page-small-title\"><b>Les r\u00e9sident\u00b7e\u00b7s s\u00e9lectionn\u00e9\u00b7e\u00b7s peuvent-ils-elles demander un financement suppl\u00e9mentaire aupr\u00e8s de ressources externes pour r\u00e9pondre aux besoins de leur r\u00e9sidence?<\/b><\/span><\/p>\n<p class=\"p1\">Les r\u00e9sident\u00b7e\u00b7s sont invit\u00e9\u00b7e\u00b7s \u00e0 recevoir des fonds suppl\u00e9mentaires provenant de ressources externes. Cependant, les r\u00e9sident\u00b7e\u00b7s sont enti\u00e8rement responsables de la recherche et de la demande d&rsquo;autres opportunit\u00e9s de financement. En aucun cas, ALTER- ne fera de demande de financement externe au nom des r\u00e9sident\u00b7e\u00b7s.<\/p>\n<p>&nbsp;<\/p>\n<p><span class=\"p2 page-small-title\"><b>Qu\u2019offre le programme de r\u00e9sidence?<\/b><\/span><\/p>\n<ul>\n<li>Une lettre d&rsquo;invitation et tout document susceptible de vous aider dans vos d\u00e9marches de demandes de visa et soutien financier pour vos frais de voyage vers la Suisse.<\/li>\n<li>Le transport de la gare de Sierre\/Siders jusqu\u2019\u00e0 Chandolin, Anniviers le jour de votre arriv\u00e9e. Le transport de Chandolin jusqu\u2019\u00e0 la gare de Sierre\/Siders le jour de votre d\u00e9part.<\/li>\n<li>Logement \u00e0 Chandolin. Vous serez responsable de vos repas et de votre m\u00e9nage. Les invit\u00e9\u00b7e\u00b7s suppl\u00e9mentaires qui ne font pas partie de l&rsquo;\u00e9quipe de r\u00e9sident\u00b7e\u00b7s ne sont pas autoris\u00e9\u00b7e\u00b7s, \u00e0 moins que vous n&rsquo;ayez convenu d\u2019un arrangement avec les directrices d\u2019ALTER-.<\/li>\n<li>Un <a href=\"https:\/\/www.valdanniviers.ch\/en\/pass-anniviers-liberte-198.html\" target=\"_blank\" rel=\"noopener\"><span class=\"s2\">Pass Anniviers<\/span><\/a>, qui vous permet d\u2019acc\u00e9der gratuitement aux bus et vous offre un rabais de 50% aux remont\u00e9es m\u00e9caniques pour vous rendre dans les cabanes d\u2019altitude, diff\u00e9rentes r\u00e9gions et villages de la vall\u00e9e, lacs, sommets ou autres destinations pour vos recherches. Ce pass offre \u00e9galement des r\u00e9ductions ou acc\u00e8s gratuits \u00e0 divers lieux ou activit\u00e9s dans le Val d\u2019Anniviers.<\/li>\n<li>Une bourse de r\u00e9sidence mensuelle de CHF 1500 par personne. Vous devrez souscrire une assurance responsabilit\u00e9 civile, m\u00e9dicale et accident.<\/li>\n<li>Un soutien continu pour faciliter les connexions significatives et les \u00e9changes avec les habitant\u00b7e\u00b7s de la vall\u00e9e.<\/li>\n<li>L\u2019acc\u00e8s ponctuel \u00e0 certains outils et espaces, par exemple des \u00e9quipements audiovisuels de base, des ateliers locaux de bois ou de m\u00e9tal, et des espaces communs. Veuillez noter qu\u2019il n\u2019y a pas d\u2019atelier ou bureau fixe \u00e0 disposition de l\u2019\u00e9quipe en r\u00e9sidence.<\/li>\n<li>La connexion avec des chercheurs locaux et internationaux du <a href=\"https:\/\/www.unil.ch\/centre-montagne\/home.html\" target=\"_blank\" rel=\"noopener\"><span class=\"s2\">Centre interdisciplinaire de recherche sur la montagne (CIRM)<\/span><\/a>, de l\u2019Universit\u00e9 de Lausanne, que vous pouvez inviter \u00e0 participer aux labs, transmissions et \u00e9v\u00e9nements et\/ou \u00e0 votre pr\u00e9sentation finale.<\/li>\n<li>La documentation audio, photo et vid\u00e9o de votre recherche.<\/li>\n<li>Coordination, assistance logistique et soutien technique pour les \u00e9v\u00e9nements ponctuels, les labs et les transmissions.<\/li>\n<li>La coproduction de votre projet final pendant la derni\u00e8re semaine de la r\u00e9sidence \u00e0 hauteur de CHF 5000.<\/li>\n<li>La promotion continue de votre projet sur cette <a href=\"https:\/\/www.alter-anniviers.com\/fr\/lab-transmissions\/\" target=\"_blank\" rel=\"noopener\">page<\/a> et via nos newsletters et notre compte <a href=\"https:\/\/www.instagram.com\/alter_anniviers\/\" target=\"_blank\" rel=\"noopener\">Instagram<\/a>.<\/li>\n<li>L\u2019int\u00e9gration de votre projet dans un r\u00e9seau international de recherche sur les transitions en haute montagne.<\/li>\n<\/ul>\n<p><span class=\"small-text\"><br \/>\nLes questions relatives \u00e0 la r\u00e9sidence peuvent \u00eatre adress\u00e9es \u00e0<span style=\"color: #000000;\">\u00a0<em><a style=\"color: #000000;\" href=\"mailto:residency@alter-anniviers.com\">residency@alter-anniviers.com<\/a><\/em>.<\/span><\/span><\/p>\n","protected":false},"excerpt":{"rendered":"<p>Foire Aux Questions &nbsp; Qui peut envoyer sa candidature pour ALTER-? Seul un collectif de 3 \u00e0 5 personnes, d\u00e9j\u00e0 form\u00e9 et transdisciplinaire peut envoyer sa candidature. La r\u00e9sidence est ouverte \u00e0 toutes les \u00e9quipes transdisciplinaires, sans distinction d\u2019\u00e2ge ou de nationalit\u00e9. Les \u00e9quipes peuvent venir de n\u2019importe o\u00f9 dans le monde ; nous encourageons [&hellip;]<\/p>\n","protected":false},"author":5,"featured_media":4944,"parent":0,"menu_order":0,"comment_status":"closed","ping_status":"closed","template":"templates\/template-about.php","meta":{"_acf_changed":false,"inline_featured_image":false,"footnotes":""},"class_list":["post-1462","page","type-page","status-publish","has-post-thumbnail","hentry"],"acf":[],"yoast_head":"<!-- This site is optimized with the Yoast SEO plugin v26.4 - https:\/\/yoast.com\/wordpress\/plugins\/seo\/ -->\n<title>R\u00c9SIDENCE FAQ | ALTER-<\/title>\n<meta name=\"description\" content=\"RESIDENCE FAQ I Qui peut envoyer sa candidature pour ALTER-? La r\u00e9sidence est ouverte \u00e0 toutes les \u00e9quipes trans-disciplinaires,\" \/>\n<meta name=\"robots\" content=\"index, follow, max-snippet:-1, max-image-preview:large, max-video-preview:-1\" \/>\n<link rel=\"canonical\" href=\"https:\/\/www.alter-anniviers.com\/fr\/residence-faq\/\" \/>\n<meta property=\"og:locale\" content=\"fr_FR\" \/>\n<meta property=\"og:type\" content=\"article\" \/>\n<meta property=\"og:title\" content=\"ALTER-Altitude Laboratory I Transition Experiments I Research\" \/>\n<meta property=\"og:description\" content=\"RESIDENCE FAQ I Qui peut envoyer sa candidature pour ALTER-? La r\u00e9sidence est ouverte \u00e0 toutes les \u00e9quipes trans-disciplinaires,\" \/>\n<meta property=\"og:url\" content=\"https:\/\/www.alter-anniviers.com\/fr\/residence-faq\/\" \/>\n<meta property=\"og:site_name\" content=\"ALTER-\" \/>\n<meta property=\"article:publisher\" content=\"https:\/\/www.facebook.com\/ALTER-Anniviers-110865824721848\" \/>\n<meta property=\"article:modified_time\" content=\"2024-03-04T18:09:55+00:00\" \/>\n<meta property=\"og:image\" content=\"https:\/\/www.alter-anniviers.com\/wp-content\/uploads\/2021\/11\/Chandolin.jpg\" \/>\n\t<meta property=\"og:image:width\" content=\"1558\" \/>\n\t<meta property=\"og:image:height\" content=\"943\" \/>\n\t<meta property=\"og:image:type\" content=\"image\/jpeg\" \/>\n<meta name=\"twitter:card\" content=\"summary_large_image\" \/>\n<meta name=\"twitter:title\" content=\"ALTER-Altitude Laboratory I Transition Experiments I Research\" \/>\n<meta name=\"twitter:image\" content=\"https:\/\/www.alter-anniviers.com\/wp-content\/uploads\/2021\/11\/Chandolin.jpg\" \/>\n<meta name=\"twitter:label1\" content=\"Dur\u00e9e de lecture estim\u00e9e\" \/>\n\t<meta name=\"twitter:data1\" content=\"5 minutes\" \/>\n<script type=\"application\/ld+json\" class=\"yoast-schema-graph\">{\"@context\":\"https:\/\/schema.org\",\"@graph\":[{\"@type\":\"WebPage\",\"@id\":\"https:\/\/www.alter-anniviers.com\/fr\/residence-faq\/\",\"url\":\"https:\/\/www.alter-anniviers.com\/fr\/residence-faq\/\",\"name\":\"R\u00c9SIDENCE FAQ | ALTER-\",\"isPartOf\":{\"@id\":\"https:\/\/www.alter-anniviers.com\/fr\/#website\"},\"primaryImageOfPage\":{\"@id\":\"https:\/\/www.alter-anniviers.com\/fr\/residence-faq\/#primaryimage\"},\"image\":{\"@id\":\"https:\/\/www.alter-anniviers.com\/fr\/residence-faq\/#primaryimage\"},\"thumbnailUrl\":\"https:\/\/www.alter-anniviers.com\/wp-content\/uploads\/2024\/03\/000123-scaled.jpg\",\"datePublished\":\"2021-11-29T18:28:05+00:00\",\"dateModified\":\"2024-03-04T18:09:55+00:00\",\"description\":\"RESIDENCE FAQ I Qui peut envoyer sa candidature pour ALTER-? La r\u00e9sidence est ouverte \u00e0 toutes les \u00e9quipes trans-disciplinaires,\",\"breadcrumb\":{\"@id\":\"https:\/\/www.alter-anniviers.com\/fr\/residence-faq\/#breadcrumb\"},\"inLanguage\":\"fr-FR\",\"potentialAction\":[{\"@type\":\"ReadAction\",\"target\":[\"https:\/\/www.alter-anniviers.com\/fr\/residence-faq\/\"]}]},{\"@type\":\"ImageObject\",\"inLanguage\":\"fr-FR\",\"@id\":\"https:\/\/www.alter-anniviers.com\/fr\/residence-faq\/#primaryimage\",\"url\":\"https:\/\/www.alter-anniviers.com\/wp-content\/uploads\/2024\/03\/000123-scaled.jpg\",\"contentUrl\":\"https:\/\/www.alter-anniviers.com\/wp-content\/uploads\/2024\/03\/000123-scaled.jpg\",\"width\":2560,\"height\":1047},{\"@type\":\"BreadcrumbList\",\"@id\":\"https:\/\/www.alter-anniviers.com\/fr\/residence-faq\/#breadcrumb\",\"itemListElement\":[{\"@type\":\"ListItem\",\"position\":1,\"name\":\"Home\",\"item\":\"https:\/\/www.alter-anniviers.com\/fr\/\"},{\"@type\":\"ListItem\",\"position\":2,\"name\":\"R\u00c9SIDENCE FAQ\"}]},{\"@type\":\"WebSite\",\"@id\":\"https:\/\/www.alter-anniviers.com\/fr\/#website\",\"url\":\"https:\/\/www.alter-anniviers.com\/fr\/\",\"name\":\"ALTER-\",\"description\":\"Altitude Laboratory I Transition Experiments I Research\",\"potentialAction\":[{\"@type\":\"SearchAction\",\"target\":{\"@type\":\"EntryPoint\",\"urlTemplate\":\"https:\/\/www.alter-anniviers.com\/fr\/?s={search_term_string}\"},\"query-input\":{\"@type\":\"PropertyValueSpecification\",\"valueRequired\":true,\"valueName\":\"search_term_string\"}}],\"inLanguage\":\"fr-FR\"}]}<\/script>\n<!-- \/ Yoast SEO plugin. -->","yoast_head_json":{"title":"R\u00c9SIDENCE FAQ | ALTER-","description":"RESIDENCE FAQ I Qui peut envoyer sa candidature pour ALTER-? La r\u00e9sidence est ouverte \u00e0 toutes les \u00e9quipes trans-disciplinaires,","robots":{"index":"index","follow":"follow","max-snippet":"max-snippet:-1","max-image-preview":"max-image-preview:large","max-video-preview":"max-video-preview:-1"},"canonical":"https:\/\/www.alter-anniviers.com\/fr\/residence-faq\/","og_locale":"fr_FR","og_type":"article","og_title":"ALTER-Altitude Laboratory I Transition Experiments I Research","og_description":"RESIDENCE FAQ I Qui peut envoyer sa candidature pour ALTER-? La r\u00e9sidence est ouverte \u00e0 toutes les \u00e9quipes trans-disciplinaires,","og_url":"https:\/\/www.alter-anniviers.com\/fr\/residence-faq\/","og_site_name":"ALTER-","article_publisher":"https:\/\/www.facebook.com\/ALTER-Anniviers-110865824721848","article_modified_time":"2024-03-04T18:09:55+00:00","og_image":[{"width":1558,"height":943,"url":"https:\/\/www.alter-anniviers.com\/wp-content\/uploads\/2021\/11\/Chandolin.jpg","type":"image\/jpeg"}],"twitter_card":"summary_large_image","twitter_title":"ALTER-Altitude Laboratory I Transition Experiments I Research","twitter_image":"https:\/\/www.alter-anniviers.com\/wp-content\/uploads\/2021\/11\/Chandolin.jpg","twitter_misc":{"Dur\u00e9e de lecture estim\u00e9e":"5 minutes"},"schema":{"@context":"https:\/\/schema.org","@graph":[{"@type":"WebPage","@id":"https:\/\/www.alter-anniviers.com\/fr\/residence-faq\/","url":"https:\/\/www.alter-anniviers.com\/fr\/residence-faq\/","name":"R\u00c9SIDENCE FAQ | ALTER-","isPartOf":{"@id":"https:\/\/www.alter-anniviers.com\/fr\/#website"},"primaryImageOfPage":{"@id":"https:\/\/www.alter-anniviers.com\/fr\/residence-faq\/#primaryimage"},"image":{"@id":"https:\/\/www.alter-anniviers.com\/fr\/residence-faq\/#primaryimage"},"thumbnailUrl":"https:\/\/www.alter-anniviers.com\/wp-content\/uploads\/2024\/03\/000123-scaled.jpg","datePublished":"2021-11-29T18:28:05+00:00","dateModified":"2024-03-04T18:09:55+00:00","description":"RESIDENCE FAQ I Qui peut envoyer sa candidature pour ALTER-? La r\u00e9sidence est ouverte \u00e0 toutes les \u00e9quipes trans-disciplinaires,","breadcrumb":{"@id":"https:\/\/www.alter-anniviers.com\/fr\/residence-faq\/#breadcrumb"},"inLanguage":"fr-FR","potentialAction":[{"@type":"ReadAction","target":["https:\/\/www.alter-anniviers.com\/fr\/residence-faq\/"]}]},{"@type":"ImageObject","inLanguage":"fr-FR","@id":"https:\/\/www.alter-anniviers.com\/fr\/residence-faq\/#primaryimage","url":"https:\/\/www.alter-anniviers.com\/wp-content\/uploads\/2024\/03\/000123-scaled.jpg","contentUrl":"https:\/\/www.alter-anniviers.com\/wp-content\/uploads\/2024\/03\/000123-scaled.jpg","width":2560,"height":1047},{"@type":"BreadcrumbList","@id":"https:\/\/www.alter-anniviers.com\/fr\/residence-faq\/#breadcrumb","itemListElement":[{"@type":"ListItem","position":1,"name":"Home","item":"https:\/\/www.alter-anniviers.com\/fr\/"},{"@type":"ListItem","position":2,"name":"R\u00c9SIDENCE FAQ"}]},{"@type":"WebSite","@id":"https:\/\/www.alter-anniviers.com\/fr\/#website","url":"https:\/\/www.alter-anniviers.com\/fr\/","name":"ALTER-","description":"Altitude Laboratory I Transition Experiments I Research","potentialAction":[{"@type":"SearchAction","target":{"@type":"EntryPoint","urlTemplate":"https:\/\/www.alter-anniviers.com\/fr\/?s={search_term_string}"},"query-input":{"@type":"PropertyValueSpecification","valueRequired":true,"valueName":"search_term_string"}}],"inLanguage":"fr-FR"}]}},"_links":{"self":[{"href":"https:\/\/www.alter-anniviers.com\/fr\/wp-json\/wp\/v2\/pages\/1462","targetHints":{"allow":["GET"]}}],"collection":[{"href":"https:\/\/www.alter-anniviers.com\/fr\/wp-json\/wp\/v2\/pages"}],"about":[{"href":"https:\/\/www.alter-anniviers.com\/fr\/wp-json\/wp\/v2\/types\/page"}],"author":[{"embeddable":true,"href":"https:\/\/www.alter-anniviers.com\/fr\/wp-json\/wp\/v2\/users\/5"}],"replies":[{"embeddable":true,"href":"https:\/\/www.alter-anniviers.com\/fr\/wp-json\/wp\/v2\/comments?post=1462"}],"version-history":[{"count":58,"href":"https:\/\/www.alter-anniviers.com\/fr\/wp-json\/wp\/v2\/pages\/1462\/revisions"}],"predecessor-version":[{"id":4946,"href":"https:\/\/www.alter-anniviers.com\/fr\/wp-json\/wp\/v2\/pages\/1462\/revisions\/4946"}],"wp:featuredmedia":[{"embeddable":true,"href":"https:\/\/www.alter-anniviers.com\/fr\/wp-json\/wp\/v2\/media\/4944"}],"wp:attachment":[{"href":"https:\/\/www.alter-anniviers.com\/fr\/wp-json\/wp\/v2\/media?parent=1462"}],"curies":[{"name":"wp","href":"https:\/\/api.w.org\/{rel}","templated":true}]}}