{"id":1431,"date":"2021-11-18T08:56:04","date_gmt":"2021-11-18T08:56:04","guid":{"rendered":"https:\/\/www.alter-anniviers.com\/press-media\/"},"modified":"2023-09-05T20:13:33","modified_gmt":"2023-09-05T20:13:33","slug":"presse","status":"publish","type":"page","link":"https:\/\/www.alter-anniviers.com\/fr\/presse\/","title":{"rendered":"M\u00c9DIAS"},"content":{"rendered":"<p><span style=\"color: #000000;\"><span class=\"page-small-title\">KIT PRESSE<\/span><\/span><\/p>\n<p><strong>2023<br \/>\n<\/strong><span style=\"color: #000000;\"><a style=\"color: #000000;\" href=\"https:\/\/drive.google.com\/drive\/folders\/1PZKJFQU_kT0WUWLgEaiKADYk_c9dpTqf?usp=sharing\" target=\"_blank\" rel=\"noopener\">ALTER- Dossier de Presse<\/a><br \/>\n<a style=\"color: #000000;\" href=\"https:\/\/drive.google.com\/drive\/folders\/1BBLRSxKtc913Ve0dXocBO6RL3WQ3tTvI?usp=sharing\" target=\"_blank\" rel=\"noopener\">ALTER- Photos et vid\u00e9os<\/a><strong><br \/>\n<\/strong><a style=\"color: #000000;\" href=\"https:\/\/drive.google.com\/drive\/folders\/1DPuMxkzn3dO-Rjtax7mkb0I5cawraTfE?usp=sharing\" target=\"_blank\" rel=\"noopener\">ALTER- Affiche et programme<\/a><br \/>\n<a style=\"color: #000000;\" href=\"https:\/\/drive.google.com\/drive\/folders\/1iIZe4sVSzy_o-V3dtxSHnftPpwosmpfJ?usp=sharing\" target=\"_blank\" rel=\"noopener\">ALTER- Logos<\/a><\/span><\/p>\n<p><strong><span style=\"color: #000000;\">2022<\/span><\/strong><br \/>\n<span style=\"color: #000000;\"><a style=\"color: #000000;\" href=\"https:\/\/www.alter-anniviers.com\/wp-content\/uploads\/2022\/08\/ALTER-PRESS-KIT.pdf\" target=\"_blank\" rel=\"noopener\">ALTER- Dossier de presse<\/a><br \/>\n<a style=\"color: #000000;\" href=\"https:\/\/drive.google.com\/drive\/folders\/1F8Eff-ZY7M0p6-zak5AI1xPvR9oQHXiV?usp=sharing\" target=\"_blank\" rel=\"noopener\">ALTER- Photos et vid\u00e9os<\/a><br \/>\n<a style=\"color: #000000;\" href=\"https:\/\/drive.google.com\/drive\/folders\/1DozlVv3WgFCnRF-jea-uccZuwDvVSLka?usp=sharing\" target=\"_blank\" rel=\"noopener\">ALTER- Affiche et programme<\/a><br \/>\n<a style=\"color: #000000;\" href=\"https:\/\/drive.google.com\/drive\/folders\/1iIZe4sVSzy_o-V3dtxSHnftPpwosmpfJ?usp=sharing\" target=\"_blank\" rel=\"noopener\">ALTER- Logos<\/a><\/span><\/p>\n<p><span style=\"color: #000000;\"><span class=\"page-small-title\"><br \/>\nREVUE DE PRESSE<br \/>\n<\/span><br \/>\n<strong>2023<br \/>\nArticles presse<br \/>\n<\/strong><a style=\"color: #000000;\" href=\"https:\/\/www.alter-anniviers.com\/wp-content\/uploads\/2023\/09\/Le-Nouvelliste-28.08.23-scaled.jpg\" target=\"_blank\" rel=\"noopener\">Le Nouvelliste 28.08<\/a><br \/>\n<a style=\"color: #000000;\" href=\"https:\/\/www.alter-anniviers.com\/wp-content\/uploads\/2023\/09\/Journal-de-Sierre-25.8.23-N\u00b015.png\" target=\"_blank\" rel=\"noopener\">Le Journal de Sierre N\u00b015 25.08<\/a><br \/>\n<a style=\"color: #000000;\" href=\"https:\/\/www.alter-anniviers.com\/wp-content\/uploads\/2023\/09\/Le-Nouvelliste-25.08.23.pdf\" target=\"_blank\" rel=\"noopener\">Le Nouvelliste 25.08<\/a><br \/>\n<a style=\"color: #000000;\" href=\"https:\/\/www.alter-anniviers.com\/wp-content\/uploads\/2023\/07\/Journal-de-Sierre_N13_7-juillet-2023.png\" target=\"_blank\" rel=\"noopener\">Le Journal de Sierre N\u00b013 07.07<\/a><br \/>\n<a style=\"color: #000000;\" href=\"https:\/\/www.alter-anniviers.com\/wp-content\/uploads\/2023\/06\/4saisons-51_36-37.pdf\" target=\"_blank\" rel=\"noopener\">Les 4 saisons d&rsquo;Anniviers N\u00b051 \u00c9t\u00e9<\/a><\/span><\/p>\n<p><strong>2022<br \/>\nArticles presse\u00a0<\/strong><br \/>\n<a style=\"color: #000000;\" href=\"https:\/\/www.alter-anniviers.com\/wp-content\/uploads\/2023\/01\/Alter.pdf\" target=\"_blank\" rel=\"noopener\">Les 4 saisons d&rsquo;Anniviers N\u00b049 Hiver<\/a><br \/>\n<a style=\"color: #000000;\" href=\"https:\/\/www.alter-anniviers.com\/wp-content\/uploads\/2022\/08\/Le-Courrier.pdf\" target=\"_blank\" rel=\"noopener\">Le Courrier 26.08<\/a><br \/>\n<a style=\"color: #000000;\" href=\"https:\/\/www.alter-anniviers.com\/wp-content\/uploads\/2022\/09\/Les-4-saisons-sept.-2022.pdf\" target=\"_blank\" rel=\"noopener\">Les 4 saisons d&rsquo;Anniviers N\u00b048 Automne<\/a><br \/>\n<a style=\"color: #000000;\" href=\"https:\/\/www.alter-anniviers.com\/wp-content\/uploads\/2022\/09\/Le-Journal-de-Sierre-26.08.22-1.pdf\" target=\"_blank\" rel=\"noopener\">Le Journal de Sierre 26.08<\/a><br \/>\n<a style=\"color: #000000;\" href=\"https:\/\/www.alter-anniviers.com\/wp-content\/uploads\/2022\/08\/Le-Nouvelliste.pdf\" target=\"_blank\" rel=\"noopener\">Le Nouvelliste 27.08<\/a><br \/>\n<a style=\"color: #000000;\" href=\"https:\/\/www.alter-anniviers.com\/wp-content\/uploads\/2022\/07\/LA-LIBERTE-09-07-2022-29.pdf\" target=\"_blank\" rel=\"noopener\">La Libert\u00e9 09.07<\/a><br \/>\n<a style=\"color: #000000;\" href=\"https:\/\/www.alter-anniviers.com\/wp-content\/uploads\/2022\/06\/Alter-.pdf\" target=\"_blank\" rel=\"noopener\">Les 4 saisons d&rsquo;Anniviers N\u00b047 \u00c9t\u00e9<\/a><br \/>\n<a style=\"color: #000000;\" href=\"https:\/\/www.alter-anniviers.com\/wp-content\/uploads\/2022\/06\/Nouvelliste-2022-06-11.pdf\" target=\"_blank\" rel=\"noopener\">Le Nouvelliste 11.06<\/a><br \/>\n<a style=\"color: #000000;\" href=\"https:\/\/www.alter-anniviers.com\/wp-content\/uploads\/2022\/03\/JDS-2022-03-04.pdf\" target=\"_blank\" rel=\"noopener\">Le Journal de Sierre 04.03<\/a><\/p>\n<p><strong><span style=\"color: #000000;\">\u00c9mission radiophonique\u00a0<\/span><\/strong><br \/>\n<span style=\"color: #000000;\"><a style=\"color: #000000;\" href=\"https:\/\/radiobascule.ch\/midi-bascule\/s2e1-reportage-alter-anniviers-le-changement-climatique-en-montagne\/449\" target=\"_blank\" rel=\"noopener\">Radio Bascule &#8211; Radio Vostok Gen\u00e8ve 02.09<\/a><\/span><\/p>\n<p><span class=\"page-small-title\" style=\"color: #000000;\"><br \/>\nCONTACT<\/span><\/p>\n<p class=\"p1\"><strong>Julien Petit, Sierre Anniviers Marketing<\/strong><br \/>\n<strong>Communication, Relais relation presse &amp; m\u00e9dia<\/strong><br \/>\n<span style=\"color: #000000;\"><a style=\"color: #000000;\" href=\"mailto:julien.petit@sierre-anniviers.ch\" target=\"_blank\" rel=\"noopener\">julien.petit@sierre-anniviers.ch<\/a><\/span><\/p>\n<p class=\"p1\">\n","protected":false},"excerpt":{"rendered":"<p>KIT PRESSE 2023 ALTER- Dossier de Presse ALTER- Photos et vid\u00e9os ALTER- Affiche et programme ALTER- Logos 2022 ALTER- Dossier de presse ALTER- Photos et vid\u00e9os ALTER- Affiche et programme ALTER- Logos REVUE DE PRESSE 2023 Articles presse Le Nouvelliste 28.08 Le Journal de Sierre N\u00b015 25.08 Le Nouvelliste 25.08 Le Journal de Sierre N\u00b013 [&hellip;]<\/p>\n","protected":false},"author":1,"featured_media":0,"parent":0,"menu_order":0,"comment_status":"closed","ping_status":"closed","template":"templates\/template-press.php","meta":{"_acf_changed":false,"inline_featured_image":false,"footnotes":""},"class_list":["post-1431","page","type-page","status-publish","hentry"],"acf":[],"yoast_head":"<!-- This site is optimized with the Yoast SEO plugin v26.4 - https:\/\/yoast.com\/wordpress\/plugins\/seo\/ -->\n<title>M\u00c9DIAS | ALTER-<\/title>\n<meta name=\"description\" content=\"PRESSE &amp; M\u00c9DIAS I ALTER-Altitude Laboratory | Transition Experiments | Research. Contacts pour les m\u00e9dias. RDV en mai 2022.\" \/>\n<meta name=\"robots\" content=\"index, follow, max-snippet:-1, max-image-preview:large, max-video-preview:-1\" \/>\n<link rel=\"canonical\" href=\"https:\/\/www.alter-anniviers.com\/fr\/presse\/\" \/>\n<meta property=\"og:locale\" content=\"fr_FR\" \/>\n<meta property=\"og:type\" content=\"article\" \/>\n<meta property=\"og:title\" content=\"M\u00c9DIAS | ALTER-\" \/>\n<meta property=\"og:description\" content=\"PRESSE &amp; M\u00c9DIAS I ALTER-Altitude Laboratory | Transition Experiments | Research. Contacts pour les m\u00e9dias. RDV en mai 2022.\" \/>\n<meta property=\"og:url\" content=\"https:\/\/www.alter-anniviers.com\/fr\/presse\/\" \/>\n<meta property=\"og:site_name\" content=\"ALTER-\" \/>\n<meta property=\"article:publisher\" content=\"https:\/\/www.facebook.com\/ALTER-Anniviers-110865824721848\" \/>\n<meta property=\"article:modified_time\" content=\"2023-09-05T20:13:33+00:00\" \/>\n<meta property=\"og:image\" content=\"https:\/\/www.alter-anniviers.com\/wp-content\/uploads\/2022\/01\/cropped-ALTER-LOGO-INSTA-2.png\" \/>\n<meta name=\"twitter:card\" content=\"summary_large_image\" \/>\n<meta name=\"twitter:label1\" content=\"Dur\u00e9e de lecture estim\u00e9e\" \/>\n\t<meta name=\"twitter:data1\" content=\"1 minute\" \/>\n<script type=\"application\/ld+json\" class=\"yoast-schema-graph\">{\"@context\":\"https:\/\/schema.org\",\"@graph\":[{\"@type\":\"WebPage\",\"@id\":\"https:\/\/www.alter-anniviers.com\/fr\/presse\/\",\"url\":\"https:\/\/www.alter-anniviers.com\/fr\/presse\/\",\"name\":\"M\u00c9DIAS | ALTER-\",\"isPartOf\":{\"@id\":\"https:\/\/www.alter-anniviers.com\/fr\/#website\"},\"datePublished\":\"2021-11-18T08:56:04+00:00\",\"dateModified\":\"2023-09-05T20:13:33+00:00\",\"description\":\"PRESSE & M\u00c9DIAS I ALTER-Altitude Laboratory | Transition Experiments | Research. Contacts pour les m\u00e9dias. RDV en mai 2022.\",\"breadcrumb\":{\"@id\":\"https:\/\/www.alter-anniviers.com\/fr\/presse\/#breadcrumb\"},\"inLanguage\":\"fr-FR\",\"potentialAction\":[{\"@type\":\"ReadAction\",\"target\":[\"https:\/\/www.alter-anniviers.com\/fr\/presse\/\"]}]},{\"@type\":\"BreadcrumbList\",\"@id\":\"https:\/\/www.alter-anniviers.com\/fr\/presse\/#breadcrumb\",\"itemListElement\":[{\"@type\":\"ListItem\",\"position\":1,\"name\":\"Home\",\"item\":\"https:\/\/www.alter-anniviers.com\/fr\/\"},{\"@type\":\"ListItem\",\"position\":2,\"name\":\"M\u00c9DIAS\"}]},{\"@type\":\"WebSite\",\"@id\":\"https:\/\/www.alter-anniviers.com\/fr\/#website\",\"url\":\"https:\/\/www.alter-anniviers.com\/fr\/\",\"name\":\"ALTER-\",\"description\":\"Altitude Laboratory I Transition Experiments I Research\",\"potentialAction\":[{\"@type\":\"SearchAction\",\"target\":{\"@type\":\"EntryPoint\",\"urlTemplate\":\"https:\/\/www.alter-anniviers.com\/fr\/?s={search_term_string}\"},\"query-input\":{\"@type\":\"PropertyValueSpecification\",\"valueRequired\":true,\"valueName\":\"search_term_string\"}}],\"inLanguage\":\"fr-FR\"}]}<\/script>\n<!-- \/ Yoast SEO plugin. -->","yoast_head_json":{"title":"M\u00c9DIAS | ALTER-","description":"PRESSE & M\u00c9DIAS I ALTER-Altitude Laboratory | Transition Experiments | Research. Contacts pour les m\u00e9dias. RDV en mai 2022.","robots":{"index":"index","follow":"follow","max-snippet":"max-snippet:-1","max-image-preview":"max-image-preview:large","max-video-preview":"max-video-preview:-1"},"canonical":"https:\/\/www.alter-anniviers.com\/fr\/presse\/","og_locale":"fr_FR","og_type":"article","og_title":"M\u00c9DIAS | ALTER-","og_description":"PRESSE & M\u00c9DIAS I ALTER-Altitude Laboratory | Transition Experiments | Research. Contacts pour les m\u00e9dias. RDV en mai 2022.","og_url":"https:\/\/www.alter-anniviers.com\/fr\/presse\/","og_site_name":"ALTER-","article_publisher":"https:\/\/www.facebook.com\/ALTER-Anniviers-110865824721848","article_modified_time":"2023-09-05T20:13:33+00:00","og_image":[{"url":"https:\/\/www.alter-anniviers.com\/wp-content\/uploads\/2022\/01\/cropped-ALTER-LOGO-INSTA-2.png","type":"","width":"","height":""}],"twitter_card":"summary_large_image","twitter_misc":{"Dur\u00e9e de lecture estim\u00e9e":"1 minute"},"schema":{"@context":"https:\/\/schema.org","@graph":[{"@type":"WebPage","@id":"https:\/\/www.alter-anniviers.com\/fr\/presse\/","url":"https:\/\/www.alter-anniviers.com\/fr\/presse\/","name":"M\u00c9DIAS | ALTER-","isPartOf":{"@id":"https:\/\/www.alter-anniviers.com\/fr\/#website"},"datePublished":"2021-11-18T08:56:04+00:00","dateModified":"2023-09-05T20:13:33+00:00","description":"PRESSE & M\u00c9DIAS I ALTER-Altitude Laboratory | Transition Experiments | Research. Contacts pour les m\u00e9dias. RDV en mai 2022.","breadcrumb":{"@id":"https:\/\/www.alter-anniviers.com\/fr\/presse\/#breadcrumb"},"inLanguage":"fr-FR","potentialAction":[{"@type":"ReadAction","target":["https:\/\/www.alter-anniviers.com\/fr\/presse\/"]}]},{"@type":"BreadcrumbList","@id":"https:\/\/www.alter-anniviers.com\/fr\/presse\/#breadcrumb","itemListElement":[{"@type":"ListItem","position":1,"name":"Home","item":"https:\/\/www.alter-anniviers.com\/fr\/"},{"@type":"ListItem","position":2,"name":"M\u00c9DIAS"}]},{"@type":"WebSite","@id":"https:\/\/www.alter-anniviers.com\/fr\/#website","url":"https:\/\/www.alter-anniviers.com\/fr\/","name":"ALTER-","description":"Altitude Laboratory I Transition Experiments I Research","potentialAction":[{"@type":"SearchAction","target":{"@type":"EntryPoint","urlTemplate":"https:\/\/www.alter-anniviers.com\/fr\/?s={search_term_string}"},"query-input":{"@type":"PropertyValueSpecification","valueRequired":true,"valueName":"search_term_string"}}],"inLanguage":"fr-FR"}]}},"_links":{"self":[{"href":"https:\/\/www.alter-anniviers.com\/fr\/wp-json\/wp\/v2\/pages\/1431","targetHints":{"allow":["GET"]}}],"collection":[{"href":"https:\/\/www.alter-anniviers.com\/fr\/wp-json\/wp\/v2\/pages"}],"about":[{"href":"https:\/\/www.alter-anniviers.com\/fr\/wp-json\/wp\/v2\/types\/page"}],"author":[{"embeddable":true,"href":"https:\/\/www.alter-anniviers.com\/fr\/wp-json\/wp\/v2\/users\/1"}],"replies":[{"embeddable":true,"href":"https:\/\/www.alter-anniviers.com\/fr\/wp-json\/wp\/v2\/comments?post=1431"}],"version-history":[{"count":67,"href":"https:\/\/www.alter-anniviers.com\/fr\/wp-json\/wp\/v2\/pages\/1431\/revisions"}],"predecessor-version":[{"id":4767,"href":"https:\/\/www.alter-anniviers.com\/fr\/wp-json\/wp\/v2\/pages\/1431\/revisions\/4767"}],"wp:attachment":[{"href":"https:\/\/www.alter-anniviers.com\/fr\/wp-json\/wp\/v2\/media?parent=1431"}],"curies":[{"name":"wp","href":"https:\/\/api.w.org\/{rel}","templated":true}]}}