{"id":1427,"date":"2021-11-18T14:54:32","date_gmt":"2021-11-18T14:54:32","guid":{"rendered":"https:\/\/www.alter-anniviers.com\/alter-people\/"},"modified":"2023-08-14T10:07:31","modified_gmt":"2023-08-14T10:07:31","slug":"equipe","status":"publish","type":"page","link":"https:\/\/www.alter-anniviers.com\/fr\/equipe\/","title":{"rendered":"\u00c9QUIPE"},"content":{"rendered":"<p><span class=\"page-small-title\"><br \/>\n\u00c9QUIPE<\/span><\/p>\n<p class=\"p1\">Fondatrices et directrices \u2014 Horace Lundd &amp; Julie Beauvais<br \/>\nCuration \u2014 Horace Lundd<br \/>\nAdministration \u2014 BadNewsFromTheStars*<br \/>\nComptabilit\u00e9 \u2014 Nicole Mudry<br \/>\nM\u00e9diation \u2014 Sarah Huber, Alpage de Cottier SA<br \/>\nCoordination Lab, Transmissions, \u00c9v\u00e8nements \u2014 Horace Lundd, Virginie Poulin<br \/>\nAide coordination et logistique \u2014 Romain Salamin Anniviers Tourisme<br \/>\nM\u00e9diation \u00e9v\u00e8nements \u2014 N.N.<br \/>\nDocumentation Lab, Transmissions \u2014 Ludmila Claude<br \/>\nCommunication, Relais relation presse &amp; media \u2014 Sierre Anniviers Marketing<br \/>\nTextes \u2014 Amy Cranch<br \/>\nGraphisme et design \u2014 Alain Florey, spirale.li<br \/>\nProgrammation \u2014 Edouard Boisset, bebold<\/p>\n<p><span class=\"page-small-title\"><br \/>\nJURY<\/span><\/p>\n<p class=\"p1\">Gautier Chiarini, directeur Fondation Opale<br \/>\nPerrine Grand, gardienne Cabane du Grand Mountet<br \/>\nSarah Huber, fondatrice Alpage de Cottier SA<br \/>\nAnnie Jordan Janin, secr\u00e9taire-assistante \u00c9tat du Valais, habitante de Chandolin<br \/>\nIsabelle Pannatier, pr\u00e9sidente Association BadNewsFromTheStars*, ancienne directrice Ferme-Asile<br \/>\nClaude Ratz\u00e9, directeur La B\u00e2tie-Festival de Gen\u00e8ve (membre du Jury 2021)<br \/>\nEmmanuel Reynard, directeur CIRM \u2013 Centre interdisciplinaire de recherche sur la montagne, Universit\u00e9 de Lausanne<br \/>\nAnne-Dominique Zufferey, ancienne directrice Mus\u00e9e du Vin Valais<\/p>\n<p><span class=\"page-small-title\"><br \/>\nAMI\u00b7E\u00b7S<\/span><\/p>\n<p>Camille Ammann, Pauline Archambault, Dominique Barmaz, Ren\u00e9 Baumann, David Bennent, Dominique Berlie, Philippe Bi\u00e9ler, St\u00e9phane Biner, \u00c9ric Bouchet, Anne-Lise Bourgeois, Anita Bron, Adriana Claude, Jean-Louis Claude, Micha\u00ebl Cottier, Alexander Dorr, Ir\u00e8ne Duvaud, Cecilia Fiori, Christophe Gallaz, Esteban Garcia, Danielle Gasparini, Philippe Genoud, Stephane Genoud, Perrine Grand, St\u00e9phanie Guex, Florence Guignard, Loris Guilhaume, Anne Guillermin, Laurence Halff, Pierre Hanhart, Anneliese Hollmann, Fran\u00e7ois Hotz, Pascale Hotz, Bernard Jeangros, Isabelle Jeangros, Annie Jordan Janin, Tristan Kaufmann, Simone Mayor, Laetitia Melly, Anthony Meyer, Lucr\u00e8ce Minuti, Bernard Muller, Bela Nabais, Isabelle Pannatier, Sylvie Peter, Charly Pittet, Sylviane Pittet, Yannick Poujol, Virginie Poulin, Francine Ramu, Emmanuel Reynard, Morgane Solioz, Gabrielle Terrettaz, Sandra Thuner, Laurence Tison, Walti Zuber, Anne-Dominique Zufferey, Jo\u00ebl Zufferey, Lambert Zufferey, Manu Zufferey, Maurice Zufferey, Nadine Zufferey, Pascal Zufferey, St\u00e9phanie Gauthier-Zufferey<br \/>\n<span style=\"color: #f4aacc;\"><a style=\"color: #f4aacc;\" href=\"https:\/\/www.alter-anniviers.com\/fr\/contact\/\">Rejoindre ALTER- Community<\/a><\/span><\/p>\n<p>&nbsp;<\/p>\n<p><span class=\"page-small-title\">BADNEWSFROMTHESTARS*<\/span><\/p>\n<p>Fond\u00e9e en 2013, l&rsquo;Association BadNewsFromTheStars* est une plateforme de recherche transdisciplinaire bas\u00e9e \u00e0 Chandolin en Suisse.<\/p>\n<p>L&rsquo;association BNFTS* est la cr\u00e9atrice et la coordinatrice d&rsquo;ALTER-. Elle assume le fonctionnement financier, administratif et op\u00e9rationnel d&rsquo;ALTER-, ainsi que la coordination entre les diff\u00e9rents partenaires en Suisse et dans le monde.<\/p>\n<p>Pr\u00e9sidente \u2014 Isabelle Pannatier<br \/>\nMembre du comit\u00e9 \u2014 Rita Bonvin<br \/>\nMembre du comit\u00e9 \u2014 Karin Denoual<\/p>\n<p>&nbsp;<\/p>\n","protected":false},"excerpt":{"rendered":"<p>\u00c9QUIPE Fondatrices et directrices \u2014 Horace Lundd &amp; Julie Beauvais Curation \u2014 Horace Lundd Administration \u2014 BadNewsFromTheStars* Comptabilit\u00e9 \u2014 Nicole Mudry M\u00e9diation \u2014 Sarah Huber, Alpage de Cottier SA Coordination Lab, Transmissions, \u00c9v\u00e8nements \u2014 Horace Lundd, Virginie Poulin Aide coordination et logistique \u2014 Romain Salamin Anniviers Tourisme M\u00e9diation \u00e9v\u00e8nements \u2014 N.N. Documentation Lab, Transmissions \u2014 [&hellip;]<\/p>\n","protected":false},"author":1,"featured_media":0,"parent":0,"menu_order":0,"comment_status":"closed","ping_status":"closed","template":"templates\/template-press.php","meta":{"_acf_changed":false,"inline_featured_image":false,"footnotes":""},"class_list":["post-1427","page","type-page","status-publish","hentry"],"acf":[],"yoast_head":"<!-- This site is optimized with the Yoast SEO plugin v26.4 - https:\/\/yoast.com\/wordpress\/plugins\/seo\/ -->\n<title>\u00c9QUIPE | ALTER-<\/title>\n<meta name=\"description\" content=\"\u00c9QUIPE Direction et curation \u2014 Julie Beauvais &amp; Horace Lundd ; M\u00e9diation \u2014 Sarah Huber, Alpage de Cottier S\" \/>\n<meta name=\"robots\" content=\"index, follow, max-snippet:-1, max-image-preview:large, max-video-preview:-1\" \/>\n<link rel=\"canonical\" href=\"https:\/\/www.alter-anniviers.com\/fr\/equipe\/\" \/>\n<meta property=\"og:locale\" content=\"fr_FR\" \/>\n<meta property=\"og:type\" content=\"article\" \/>\n<meta property=\"og:title\" content=\"ALTER- Altitude Laboratory I Transition Experiments I Research\" \/>\n<meta property=\"og:description\" content=\"ALTER- EQUIPE Direction et curation \u2014 Julie Beauvais &amp; Horace Lundd M\u00e9diation \u2014 Sarah Huber, Alpage de Cottier SA\" \/>\n<meta property=\"og:url\" content=\"https:\/\/www.alter-anniviers.com\/fr\/equipe\/\" \/>\n<meta property=\"og:site_name\" content=\"ALTER-\" \/>\n<meta property=\"article:publisher\" content=\"https:\/\/www.facebook.com\/ALTER-Anniviers-110865824721848\" \/>\n<meta property=\"article:modified_time\" content=\"2023-08-14T10:07:31+00:00\" \/>\n<meta property=\"og:image\" content=\"https:\/\/www.alter-anniviers.com\/wp-content\/uploads\/2021\/11\/DSC00390-scaled-1.jpg\" \/>\n\t<meta property=\"og:image:width\" content=\"2560\" \/>\n\t<meta property=\"og:image:height\" content=\"1710\" \/>\n\t<meta property=\"og:image:type\" content=\"image\/jpeg\" \/>\n<meta name=\"twitter:card\" content=\"summary_large_image\" \/>\n<meta name=\"twitter:title\" content=\"ALTER- Altitude Laboratory I Transition Experiments I Research\" \/>\n<meta name=\"twitter:image\" content=\"https:\/\/www.alter-anniviers.com\/wp-content\/uploads\/2021\/11\/DSC00390-scaled-1.jpg\" \/>\n<meta name=\"twitter:label1\" content=\"Dur\u00e9e de lecture estim\u00e9e\" \/>\n\t<meta name=\"twitter:data1\" content=\"2 minutes\" \/>\n<script type=\"application\/ld+json\" class=\"yoast-schema-graph\">{\"@context\":\"https:\/\/schema.org\",\"@graph\":[{\"@type\":\"WebPage\",\"@id\":\"https:\/\/www.alter-anniviers.com\/fr\/equipe\/\",\"url\":\"https:\/\/www.alter-anniviers.com\/fr\/equipe\/\",\"name\":\"\u00c9QUIPE | ALTER-\",\"isPartOf\":{\"@id\":\"https:\/\/www.alter-anniviers.com\/fr\/#website\"},\"datePublished\":\"2021-11-18T14:54:32+00:00\",\"dateModified\":\"2023-08-14T10:07:31+00:00\",\"description\":\"\u00c9QUIPE Direction et curation \u2014 Julie Beauvais & Horace Lundd ; M\u00e9diation \u2014 Sarah Huber, Alpage de Cottier S\",\"breadcrumb\":{\"@id\":\"https:\/\/www.alter-anniviers.com\/fr\/equipe\/#breadcrumb\"},\"inLanguage\":\"fr-FR\",\"potentialAction\":[{\"@type\":\"ReadAction\",\"target\":[\"https:\/\/www.alter-anniviers.com\/fr\/equipe\/\"]}]},{\"@type\":\"BreadcrumbList\",\"@id\":\"https:\/\/www.alter-anniviers.com\/fr\/equipe\/#breadcrumb\",\"itemListElement\":[{\"@type\":\"ListItem\",\"position\":1,\"name\":\"Home\",\"item\":\"https:\/\/www.alter-anniviers.com\/fr\/\"},{\"@type\":\"ListItem\",\"position\":2,\"name\":\"\u00c9QUIPE\"}]},{\"@type\":\"WebSite\",\"@id\":\"https:\/\/www.alter-anniviers.com\/fr\/#website\",\"url\":\"https:\/\/www.alter-anniviers.com\/fr\/\",\"name\":\"ALTER-\",\"description\":\"Altitude Laboratory I Transition Experiments I Research\",\"potentialAction\":[{\"@type\":\"SearchAction\",\"target\":{\"@type\":\"EntryPoint\",\"urlTemplate\":\"https:\/\/www.alter-anniviers.com\/fr\/?s={search_term_string}\"},\"query-input\":{\"@type\":\"PropertyValueSpecification\",\"valueRequired\":true,\"valueName\":\"search_term_string\"}}],\"inLanguage\":\"fr-FR\"}]}<\/script>\n<!-- \/ Yoast SEO plugin. -->","yoast_head_json":{"title":"\u00c9QUIPE | ALTER-","description":"\u00c9QUIPE Direction et curation \u2014 Julie Beauvais & Horace Lundd ; M\u00e9diation \u2014 Sarah Huber, Alpage de Cottier S","robots":{"index":"index","follow":"follow","max-snippet":"max-snippet:-1","max-image-preview":"max-image-preview:large","max-video-preview":"max-video-preview:-1"},"canonical":"https:\/\/www.alter-anniviers.com\/fr\/equipe\/","og_locale":"fr_FR","og_type":"article","og_title":"ALTER- Altitude Laboratory I Transition Experiments I Research","og_description":"ALTER- EQUIPE Direction et curation \u2014 Julie Beauvais & Horace Lundd M\u00e9diation \u2014 Sarah Huber, Alpage de Cottier SA","og_url":"https:\/\/www.alter-anniviers.com\/fr\/equipe\/","og_site_name":"ALTER-","article_publisher":"https:\/\/www.facebook.com\/ALTER-Anniviers-110865824721848","article_modified_time":"2023-08-14T10:07:31+00:00","og_image":[{"width":2560,"height":1710,"url":"https:\/\/www.alter-anniviers.com\/wp-content\/uploads\/2021\/11\/DSC00390-scaled-1.jpg","type":"image\/jpeg"}],"twitter_card":"summary_large_image","twitter_title":"ALTER- Altitude Laboratory I Transition Experiments I Research","twitter_image":"https:\/\/www.alter-anniviers.com\/wp-content\/uploads\/2021\/11\/DSC00390-scaled-1.jpg","twitter_misc":{"Dur\u00e9e de lecture estim\u00e9e":"2 minutes"},"schema":{"@context":"https:\/\/schema.org","@graph":[{"@type":"WebPage","@id":"https:\/\/www.alter-anniviers.com\/fr\/equipe\/","url":"https:\/\/www.alter-anniviers.com\/fr\/equipe\/","name":"\u00c9QUIPE | ALTER-","isPartOf":{"@id":"https:\/\/www.alter-anniviers.com\/fr\/#website"},"datePublished":"2021-11-18T14:54:32+00:00","dateModified":"2023-08-14T10:07:31+00:00","description":"\u00c9QUIPE Direction et curation \u2014 Julie Beauvais & Horace Lundd ; M\u00e9diation \u2014 Sarah Huber, Alpage de Cottier S","breadcrumb":{"@id":"https:\/\/www.alter-anniviers.com\/fr\/equipe\/#breadcrumb"},"inLanguage":"fr-FR","potentialAction":[{"@type":"ReadAction","target":["https:\/\/www.alter-anniviers.com\/fr\/equipe\/"]}]},{"@type":"BreadcrumbList","@id":"https:\/\/www.alter-anniviers.com\/fr\/equipe\/#breadcrumb","itemListElement":[{"@type":"ListItem","position":1,"name":"Home","item":"https:\/\/www.alter-anniviers.com\/fr\/"},{"@type":"ListItem","position":2,"name":"\u00c9QUIPE"}]},{"@type":"WebSite","@id":"https:\/\/www.alter-anniviers.com\/fr\/#website","url":"https:\/\/www.alter-anniviers.com\/fr\/","name":"ALTER-","description":"Altitude Laboratory I Transition Experiments I Research","potentialAction":[{"@type":"SearchAction","target":{"@type":"EntryPoint","urlTemplate":"https:\/\/www.alter-anniviers.com\/fr\/?s={search_term_string}"},"query-input":{"@type":"PropertyValueSpecification","valueRequired":true,"valueName":"search_term_string"}}],"inLanguage":"fr-FR"}]}},"_links":{"self":[{"href":"https:\/\/www.alter-anniviers.com\/fr\/wp-json\/wp\/v2\/pages\/1427","targetHints":{"allow":["GET"]}}],"collection":[{"href":"https:\/\/www.alter-anniviers.com\/fr\/wp-json\/wp\/v2\/pages"}],"about":[{"href":"https:\/\/www.alter-anniviers.com\/fr\/wp-json\/wp\/v2\/types\/page"}],"author":[{"embeddable":true,"href":"https:\/\/www.alter-anniviers.com\/fr\/wp-json\/wp\/v2\/users\/1"}],"replies":[{"embeddable":true,"href":"https:\/\/www.alter-anniviers.com\/fr\/wp-json\/wp\/v2\/comments?post=1427"}],"version-history":[{"count":56,"href":"https:\/\/www.alter-anniviers.com\/fr\/wp-json\/wp\/v2\/pages\/1427\/revisions"}],"predecessor-version":[{"id":4698,"href":"https:\/\/www.alter-anniviers.com\/fr\/wp-json\/wp\/v2\/pages\/1427\/revisions\/4698"}],"wp:attachment":[{"href":"https:\/\/www.alter-anniviers.com\/fr\/wp-json\/wp\/v2\/media?parent=1427"}],"curies":[{"name":"wp","href":"https:\/\/api.w.org\/{rel}","templated":true}]}}